{"id":7,"date":"2014-11-26T08:43:02","date_gmt":"2014-11-26T06:43:02","guid":{"rendered":"http:\/\/meckelburg-bauelemente.de\/leverkusen\/?page_id=7"},"modified":"2019-08-14T13:28:22","modified_gmt":"2019-08-14T11:28:22","slug":"leistungen","status":"publish","type":"page","link":"https:\/\/meckelburg-bauelemente.de\/update\/leistungen\/","title":{"rendered":"Leistungen"},"content":{"rendered":"<h3>Unsere Leistungen<\/h3>\n<p><a href=\"http:\/\/meckelburg-bauelemente.de\/update\/leistungen\/montage\/\"><span style=\"color: #000000;\">&#8211; Erneuerung von Fenster, Haust\u00fcren und Rollladen<\/span><\/a><\/p>\n<p><span style=\"color: #000000;\"> <a style=\"color: #000000;\" title=\"Reparatur\" href=\"http:\/\/meckelburg-bauelemente.de\/update\/leistungen\/reparatur\/\">&#8211; Reparaturen von Fenster, Haust\u00fcren und Rollladen<\/a><\/span><\/p>\n<p><a href=\"http:\/\/meckelburg-bauelemente.de\/update\/produkte\/rolltore\/\"><span style=\"color: #000000;\">&#8211; Montage von Rolltoren<\/span><\/a><\/p>\n<p><span style=\"color: #000000;\"><a style=\"color: #000000;\" title=\"Rolll\u00e4den\" href=\"http:\/\/meckelburg-bauelemente.de\/update\/produkte\/rolllaeden\/\">&#8211; Umr\u00fcstung von Rollladen auf E-Antrieb, verkabelt oder als Funk<\/a><\/span><\/p>\n<p><span style=\"color: #000000;\"><a style=\"color: #000000;\" title=\"Insektenschutz\" href=\"http:\/\/meckelburg-bauelemente.de\/update\/produkte\/insektenschutz\/\">&#8211; Insektenschutz als Spannrahmen, Dreh- oder Schiebet\u00fcren, Rollos<\/a><\/span><\/p>\n<p><a title=\"Sicherheitstechnik\" href=\"http:\/\/meckelburg-bauelemente.de\/update\/produkte\/sicherheitstechnik\/\"><span style=\"color: #000000;\">&#8211; Sicherheitsbeschl\u00e4ge:<\/span><\/a><\/p>\n<p><span style=\"color: #000000;\">&#8211; Abus Zusatzschl\u00f6sser<\/span><\/p>\n<p><span style=\"color: #000000;\">&#8211; SiAubi Titan Safety Plus Sicherheitsbeschl\u00e4ge nach RC2<\/span><\/p>\n","protected":false},"excerpt":{"rendered":"<p>Unsere Leistungen &#8211; Erneuerung von Fenster, Haust\u00fcren und Rollladen &#8211; Reparaturen von Fenster, Haust\u00fcren und Rollladen &#8211; Montage von Rolltoren &#8211; Umr\u00fcstung von Rollladen auf E-Antrieb, verkabelt oder als Funk &#8211; Insektenschutz als Spannrahmen, Dreh- oder Schiebet\u00fcren, Rollos &#8211; Sicherheitsbeschl\u00e4ge: &hellip; <a class=\"kt-excerpt-readmore\" href=\"https:\/\/meckelburg-bauelemente.de\/update\/leistungen\/\" aria-label=\"Leistungen\">Weiterlesen<\/a><\/p>\n","protected":false},"author":1,"featured_media":0,"parent":0,"menu_order":2,"comment_status":"closed","ping_status":"closed","template":"","meta":[],"yoast_head":"<!-- This site is optimized with the Yoast SEO plugin v17.8 - https:\/\/yoast.com\/wordpress\/plugins\/seo\/ -->\n<title>Leistungen - meckelburg-bauelemente.de - Haust\u00fcren - Fenster - Rolladen- Rolltore - Insektenschutz - Sicherheitstechnik<\/title>\n<meta name=\"description\" content=\"Meckelburg Bauelemente - Unsere Leistungen: Montage, Reparatur und Wartung von Haust\u00fcren, Fenstern, Rolltoren, Rolll\u00e4den Sicherheitstechnik, Insektenschutz\" \/>\n<meta name=\"robots\" content=\"index, follow, max-snippet:-1, max-image-preview:large, max-video-preview:-1\" \/>\n<link rel=\"canonical\" href=\"https:\/\/meckelburg-bauelemente.de\/update\/leistungen\/\" \/>\n<meta property=\"og:locale\" content=\"de_DE\" \/>\n<meta property=\"og:type\" content=\"article\" \/>\n<meta property=\"og:title\" content=\"Leistungen - meckelburg-bauelemente.de - Haust\u00fcren - Fenster - Rolladen- Rolltore - Insektenschutz - Sicherheitstechnik\" \/>\n<meta property=\"og:description\" content=\"Meckelburg Bauelemente - Unsere Leistungen: Montage, Reparatur und Wartung von Haust\u00fcren, Fenstern, Rolltoren, Rolll\u00e4den Sicherheitstechnik, Insektenschutz\" \/>\n<meta property=\"og:url\" content=\"https:\/\/meckelburg-bauelemente.de\/update\/leistungen\/\" \/>\n<meta property=\"og:site_name\" content=\"meckelburg-bauelemente.de - Haust\u00fcren - Fenster - Rolladen- Rolltore - Insektenschutz - Sicherheitstechnik\" \/>\n<meta property=\"article:modified_time\" content=\"2019-08-14T11:28:22+00:00\" \/>\n<meta name=\"twitter:card\" content=\"summary\" \/>\n<script type=\"application\/ld+json\" class=\"yoast-schema-graph\">{\"@context\":\"https:\/\/schema.org\",\"@graph\":[{\"@type\":\"WebSite\",\"@id\":\"https:\/\/meckelburg-bauelemente.de\/update\/#website\",\"url\":\"https:\/\/meckelburg-bauelemente.de\/update\/\",\"name\":\"meckelburg-bauelemente.de - Haust\\u00fcren - Fenster - Rolladen- Rolltore - Insektenschutz - Sicherheitstechnik\",\"description\":\"Montage - Wartung - Reparatur - Beratung - Installation\",\"potentialAction\":[{\"@type\":\"SearchAction\",\"target\":{\"@type\":\"EntryPoint\",\"urlTemplate\":\"https:\/\/meckelburg-bauelemente.de\/update\/?s={search_term_string}\"},\"query-input\":\"required name=search_term_string\"}],\"inLanguage\":\"de\"},{\"@type\":\"WebPage\",\"@id\":\"https:\/\/meckelburg-bauelemente.de\/update\/leistungen\/#webpage\",\"url\":\"https:\/\/meckelburg-bauelemente.de\/update\/leistungen\/\",\"name\":\"Leistungen - meckelburg-bauelemente.de - Haust\\u00fcren - Fenster - Rolladen- Rolltore - Insektenschutz - Sicherheitstechnik\",\"isPartOf\":{\"@id\":\"https:\/\/meckelburg-bauelemente.de\/update\/#website\"},\"datePublished\":\"2014-11-26T06:43:02+00:00\",\"dateModified\":\"2019-08-14T11:28:22+00:00\",\"description\":\"Meckelburg Bauelemente - Unsere Leistungen: Montage, Reparatur und Wartung von Haust\\u00fcren, Fenstern, Rolltoren, Rolll\\u00e4den Sicherheitstechnik, Insektenschutz\",\"breadcrumb\":{\"@id\":\"https:\/\/meckelburg-bauelemente.de\/update\/leistungen\/#breadcrumb\"},\"inLanguage\":\"de\",\"potentialAction\":[{\"@type\":\"ReadAction\",\"target\":[\"https:\/\/meckelburg-bauelemente.de\/update\/leistungen\/\"]}]},{\"@type\":\"BreadcrumbList\",\"@id\":\"https:\/\/meckelburg-bauelemente.de\/update\/leistungen\/#breadcrumb\",\"itemListElement\":[{\"@type\":\"ListItem\",\"position\":1,\"name\":\"Home\",\"item\":\"https:\/\/meckelburg-bauelemente.de\/update\/\"},{\"@type\":\"ListItem\",\"position\":2,\"name\":\"Leistungen\"}]}]}<\/script>\n<!-- \/ Yoast SEO plugin. -->","yoast_head_json":{"title":"Leistungen - meckelburg-bauelemente.de - Haust\u00fcren - Fenster - Rolladen- Rolltore - Insektenschutz - Sicherheitstechnik","description":"Meckelburg Bauelemente - Unsere Leistungen: Montage, Reparatur und Wartung von Haust\u00fcren, Fenstern, Rolltoren, Rolll\u00e4den Sicherheitstechnik, Insektenschutz","robots":{"index":"index","follow":"follow","max-snippet":"max-snippet:-1","max-image-preview":"max-image-preview:large","max-video-preview":"max-video-preview:-1"},"canonical":"https:\/\/meckelburg-bauelemente.de\/update\/leistungen\/","og_locale":"de_DE","og_type":"article","og_title":"Leistungen - meckelburg-bauelemente.de - Haust\u00fcren - Fenster - Rolladen- Rolltore - Insektenschutz - Sicherheitstechnik","og_description":"Meckelburg Bauelemente - Unsere Leistungen: Montage, Reparatur und Wartung von Haust\u00fcren, Fenstern, Rolltoren, Rolll\u00e4den Sicherheitstechnik, Insektenschutz","og_url":"https:\/\/meckelburg-bauelemente.de\/update\/leistungen\/","og_site_name":"meckelburg-bauelemente.de - Haust\u00fcren - Fenster - Rolladen- Rolltore - Insektenschutz - Sicherheitstechnik","article_modified_time":"2019-08-14T11:28:22+00:00","twitter_card":"summary","schema":{"@context":"https:\/\/schema.org","@graph":[{"@type":"WebSite","@id":"https:\/\/meckelburg-bauelemente.de\/update\/#website","url":"https:\/\/meckelburg-bauelemente.de\/update\/","name":"meckelburg-bauelemente.de - Haust\u00fcren - Fenster - Rolladen- Rolltore - Insektenschutz - Sicherheitstechnik","description":"Montage - Wartung - Reparatur - Beratung - Installation","potentialAction":[{"@type":"SearchAction","target":{"@type":"EntryPoint","urlTemplate":"https:\/\/meckelburg-bauelemente.de\/update\/?s={search_term_string}"},"query-input":"required name=search_term_string"}],"inLanguage":"de"},{"@type":"WebPage","@id":"https:\/\/meckelburg-bauelemente.de\/update\/leistungen\/#webpage","url":"https:\/\/meckelburg-bauelemente.de\/update\/leistungen\/","name":"Leistungen - meckelburg-bauelemente.de - Haust\u00fcren - Fenster - Rolladen- Rolltore - Insektenschutz - Sicherheitstechnik","isPartOf":{"@id":"https:\/\/meckelburg-bauelemente.de\/update\/#website"},"datePublished":"2014-11-26T06:43:02+00:00","dateModified":"2019-08-14T11:28:22+00:00","description":"Meckelburg Bauelemente - Unsere Leistungen: Montage, Reparatur und Wartung von Haust\u00fcren, Fenstern, Rolltoren, Rolll\u00e4den Sicherheitstechnik, Insektenschutz","breadcrumb":{"@id":"https:\/\/meckelburg-bauelemente.de\/update\/leistungen\/#breadcrumb"},"inLanguage":"de","potentialAction":[{"@type":"ReadAction","target":["https:\/\/meckelburg-bauelemente.de\/update\/leistungen\/"]}]},{"@type":"BreadcrumbList","@id":"https:\/\/meckelburg-bauelemente.de\/update\/leistungen\/#breadcrumb","itemListElement":[{"@type":"ListItem","position":1,"name":"Home","item":"https:\/\/meckelburg-bauelemente.de\/update\/"},{"@type":"ListItem","position":2,"name":"Leistungen"}]}]}},"_links":{"self":[{"href":"https:\/\/meckelburg-bauelemente.de\/update\/wp-json\/wp\/v2\/pages\/7"}],"collection":[{"href":"https:\/\/meckelburg-bauelemente.de\/update\/wp-json\/wp\/v2\/pages"}],"about":[{"href":"https:\/\/meckelburg-bauelemente.de\/update\/wp-json\/wp\/v2\/types\/page"}],"author":[{"embeddable":true,"href":"https:\/\/meckelburg-bauelemente.de\/update\/wp-json\/wp\/v2\/users\/1"}],"replies":[{"embeddable":true,"href":"https:\/\/meckelburg-bauelemente.de\/update\/wp-json\/wp\/v2\/comments?post=7"}],"version-history":[{"count":7,"href":"https:\/\/meckelburg-bauelemente.de\/update\/wp-json\/wp\/v2\/pages\/7\/revisions"}],"predecessor-version":[{"id":467,"href":"https:\/\/meckelburg-bauelemente.de\/update\/wp-json\/wp\/v2\/pages\/7\/revisions\/467"}],"wp:attachment":[{"href":"https:\/\/meckelburg-bauelemente.de\/update\/wp-json\/wp\/v2\/media?parent=7"}],"curies":[{"name":"wp","href":"https:\/\/api.w.org\/{rel}","templated":true}]}}