{"id":49,"date":"2014-12-10T11:02:21","date_gmt":"2014-12-10T09:02:21","guid":{"rendered":"http:\/\/meckelburg-bauelemente.de\/leverkusen\/?page_id=49"},"modified":"2020-12-08T10:19:17","modified_gmt":"2020-12-08T08:19:17","slug":"start-2","status":"publish","type":"page","link":"https:\/\/meckelburg-bauelemente.de\/update\/","title":{"rendered":"Start &#8211; Willkommen bei Meckelburg Bauelemente in Leverkusen"},"content":{"rendered":"\n<div class=\"row\"> <div class=\"col-md-3  \">\n<figure id=\"attachment_286\" class=\"thumbnail wp-caption alignnone\" style=\"width: 250px\"><a title=\"Montage\" href=\"http:\/\/meckelburg-bauelemente.de\/update\/leistungen\/montage\/\"><img loading=\"lazy\" class=\"wp-image-286 size-full\" src=\"https:\/\/meckelburg-bauelemente.de\/update\/wp-content\/uploads\/montage.jpg\" alt=\"Montage - Meckelburg Bauelemente in Leverkusen\" width=\"250\" height=\"170\" \/><\/a><figcaption class=\"caption wp-caption-text\">Montage<\/figcaption><\/figure> <\/div><div class=\"col-md-3  \">\n<figure id=\"attachment_287\" class=\"thumbnail wp-caption alignnone\" style=\"width: 250px\"><a title=\"Reparatur\" href=\"http:\/\/meckelburg-bauelemente.de\/update\/leistungen\/reparatur\/\"><img loading=\"lazy\" class=\"wp-image-287 size-full\" src=\"https:\/\/meckelburg-bauelemente.de\/update\/wp-content\/uploads\/reparatur.jpg\" alt=\"reparatur - Meckelburg Bauelemente\" width=\"250\" height=\"170\" \/><\/a><figcaption class=\"caption wp-caption-text\">Reparatur<\/figcaption><\/figure><\/td>\n<p> <\/div><div class=\"col-md-3  \">\n<figure id=\"attachment_288\" class=\"thumbnail wp-caption alignnone\" style=\"width: 250px\"><a title=\"Wartung\" href=\"http:\/\/meckelburg-bauelemente.de\/update\/leistungen\/wartung\/\"><img loading=\"lazy\" class=\"wp-image-288 size-full\" src=\"https:\/\/meckelburg-bauelemente.de\/update\/wp-content\/uploads\/wartung.jpg\" alt=\"Wartung - Meckelburg Bauelemente\" width=\"250\" height=\"170\" \/><\/a><figcaption class=\"caption wp-caption-text\">Wartung<\/figcaption><\/figure>\n<\/div><\/div>\n<div class=\"row\"> <div class=\"col-md-3  \">\n<figure id=\"attachment_279\" class=\"thumbnail wp-caption alignnone\" style=\"width: 250px\"><a title=\"Fenster aus Kunststoff, Aluminium und Holz\" href=\"http:\/\/meckelburg-bauelemente.de\/update\/produkte\/fenster-aus-kunststoff-aluminium-und-holz\/\"><img loading=\"lazy\" class=\"wp-image-279 size-full\" src=\"https:\/\/meckelburg-bauelemente.de\/update\/wp-content\/uploads\/fenster.jpg\" alt=\"Fenster - - Meckelburg Bauelemente\" width=\"250\" height=\"174\" \/><\/a><figcaption class=\"caption wp-caption-text\">Fenster<\/figcaption><\/figure><\/div><div class=\"col-md-3  \">\n<figure id=\"attachment_280\" class=\"thumbnail wp-caption alignnone\" style=\"width: 250px\"><a title=\"Haust\u00fcren aus Kunststoff, Aluminium und Holz\" href=\"http:\/\/meckelburg-bauelemente.de\/update\/produkte\/haustueren-aus-kunststoff-aluminium-und-holz\/\"><img loading=\"lazy\" class=\"wp-image-280 size-full\" src=\"https:\/\/meckelburg-bauelemente.de\/update\/wp-content\/uploads\/haustueren.jpg\" alt=\"Haust\u00fcren - Meckelburg Bauelemente\" width=\"250\" height=\"170\" \/><\/a><figcaption class=\"caption wp-caption-text\">Haust\u00fcren<\/figcaption><\/figure><\/div><div class=\"col-md-3  \">\n<figure id=\"attachment_278\" class=\"thumbnail wp-caption alignnone\" style=\"width: 250px\"><a href=\"http:\/\/meckelburg-bauelemente.de\/update\/produkte\/haustueren-planer-konfigurator\/\"><img loading=\"lazy\" class=\"wp-image-278 size-full\" src=\"https:\/\/meckelburg-bauelemente.de\/update\/wp-content\/uploads\/planer.jpg\" alt=\"Haust\u00fcren - Meckelburg Bauelemente\" width=\"250\" height=\"170\" \/><\/a><figcaption class=\"caption wp-caption-text\">Haust\u00fcren Konfigurator und Planer<\/figcaption><\/figure><\/div><\/div>\n<div class=\"row\"> <div class=\"col-md-3  \">\n<figure id=\"attachment_277\" class=\"thumbnail wp-caption alignnone\" style=\"width: 250px\"><a title=\"Rolll\u00e4den\" href=\"http:\/\/meckelburg-bauelemente.de\/update\/produkte\/rolllaeden\/\"><img loading=\"lazy\" class=\"wp-image-277 size-full\" src=\"https:\/\/meckelburg-bauelemente.de\/update\/wp-content\/uploads\/rolllaeden.jpg\" alt=\"rolllaeden - Meckelburg Bauelemente\" width=\"250\" height=\"170\" \/><\/a><figcaption class=\"caption wp-caption-text\">Rolll\u00e4den<\/figcaption><\/figure><\/div><div class=\"col-md-3  \">\n<figure id=\"attachment_276\" class=\"thumbnail wp-caption alignnone\" style=\"width: 250px\"><a title=\"Hebeschiebet\u00fcren\" href=\"http:\/\/meckelburg-bauelemente.de\/update\/produkte\/hebeschiebetueren\/\"><img loading=\"lazy\" class=\"wp-image-276 size-full\" src=\"https:\/\/meckelburg-bauelemente.de\/update\/wp-content\/uploads\/hebeschiebetueren.jpg\" alt=\"hebeschiebet\u00fcren - Meckelburg Bauelemente\" width=\"250\" height=\"170\" \/><\/a><figcaption class=\"caption wp-caption-text\">Hebeschiebet\u00fcren<\/figcaption><\/figure><\/div><div class=\"col-md-3  \">\n<figure id=\"attachment_275\" class=\"thumbnail wp-caption alignnone\" style=\"width: 250px\"><a title=\"Insektenschutz\" href=\"http:\/\/meckelburg-bauelemente.de\/update\/produkte\/insektenschutz\/\"><img loading=\"lazy\" class=\"wp-image-275 size-full\" src=\"https:\/\/meckelburg-bauelemente.de\/update\/wp-content\/uploads\/insektenschutz.jpg\" alt=\"insektenschutz - Meckelburg Bauelemente\" width=\"250\" height=\"170\" \/><\/a><figcaption class=\"caption wp-caption-text\">Insektenschutz<\/figcaption><\/figure><\/div><\/div>\n<div class=\"row\"> <div class=\"col-md-3  \">\n<figure id=\"attachment_274\" class=\"thumbnail wp-caption alignnone\" style=\"width: 250px\"><a href=\"http:\/\/meckelburg-bauelemente.de\/update\/produkte\/rolltore\/\"><img loading=\"lazy\" class=\"wp-image-274 size-full\" src=\"https:\/\/meckelburg-bauelemente.de\/update\/wp-content\/uploads\/tore.jpg\" alt=\"rolltore - Meckelburg Bauelemente\" width=\"250\" height=\"170\" \/><\/a><figcaption class=\"caption wp-caption-text\">Rolltore<\/figcaption><\/figure><\/div><div class=\"col-md-3  \">\n<figure id=\"attachment_273\" class=\"thumbnail wp-caption alignnone\" style=\"width: 250px\"><a title=\"Sicherheitstechnik\" href=\"http:\/\/meckelburg-bauelemente.de\/update\/produkte\/sicherheitstechnik\/\"><img loading=\"lazy\" class=\"wp-image-273 size-full\" src=\"https:\/\/meckelburg-bauelemente.de\/update\/wp-content\/uploads\/sicherheit.jpg\" alt=\"sicherheitstechnik - Meckelburg Bauelemente\" width=\"250\" height=\"170\" \/><\/a><figcaption class=\"caption wp-caption-text\">Sicherheitstechnik<\/figcaption><\/figure><\/div><div class=\"col-md-3  \">\n<h2><span style=\"color: #000000;\">Willkommen bei <a style=\"color: #000000;\" title=\"Kontakt\" href=\"http:\/\/meckelburg-bauelemente.de\/update\/kontakt\/\">Meckelburg Bauelemente<\/a><\/h2>\n<\/div><\/div>\n","protected":false},"excerpt":{"rendered":"","protected":false},"author":1,"featured_media":0,"parent":0,"menu_order":1,"comment_status":"closed","ping_status":"closed","template":"page-feature.php","meta":[],"yoast_head":"<!-- This site is optimized with the Yoast SEO plugin v17.8 - https:\/\/yoast.com\/wordpress\/plugins\/seo\/ -->\n<title>Meckelburg Bauelemente in Leverkusen<\/title>\n<meta name=\"description\" content=\"Willkommen bei Meckelburg Bauelemente in Leverkusen, Ihr Partner f\u00fcr Rolll\u00e4den, Fenster, Haust\u00fcren, Rolltore, Insektenschutz, Sicherheitstechnik, Wartung\" \/>\n<meta name=\"robots\" content=\"index, follow, max-snippet:-1, max-image-preview:large, max-video-preview:-1\" \/>\n<link rel=\"canonical\" href=\"https:\/\/meckelburg-bauelemente.de\/update\/\" \/>\n<meta property=\"og:locale\" content=\"de_DE\" \/>\n<meta property=\"og:type\" content=\"article\" \/>\n<meta property=\"og:title\" content=\"Meckelburg Bauelemente in Leverkusen\" \/>\n<meta property=\"og:description\" content=\"Willkommen bei Meckelburg Bauelemente in Leverkusen, Ihr Partner f\u00fcr Rolll\u00e4den, Fenster, Haust\u00fcren, Rolltore, Insektenschutz, Sicherheitstechnik, Wartung\" \/>\n<meta property=\"og:url\" content=\"https:\/\/meckelburg-bauelemente.de\/update\/\" \/>\n<meta property=\"og:site_name\" content=\"meckelburg-bauelemente.de - Haust\u00fcren - Fenster - Rolladen- Rolltore - Insektenschutz - Sicherheitstechnik\" \/>\n<meta property=\"article:modified_time\" content=\"2020-12-08T08:19:17+00:00\" \/>\n<meta property=\"og:image\" content=\"https:\/\/meckelburg-bauelemente.de\/update\/wp-content\/uploads\/montage.jpg\" \/>\n<meta name=\"twitter:card\" content=\"summary\" \/>\n<meta name=\"twitter:label1\" content=\"Gesch\u00e4tzte Lesezeit\" \/>\n\t<meta name=\"twitter:data1\" content=\"1\u00a0Minute\" \/>\n<script type=\"application\/ld+json\" class=\"yoast-schema-graph\">{\"@context\":\"https:\/\/schema.org\",\"@graph\":[{\"@type\":\"WebSite\",\"@id\":\"https:\/\/meckelburg-bauelemente.de\/update\/#website\",\"url\":\"https:\/\/meckelburg-bauelemente.de\/update\/\",\"name\":\"meckelburg-bauelemente.de - Haust\\u00fcren - Fenster - Rolladen- Rolltore - Insektenschutz - Sicherheitstechnik\",\"description\":\"Montage - Wartung - Reparatur - Beratung - Installation\",\"potentialAction\":[{\"@type\":\"SearchAction\",\"target\":{\"@type\":\"EntryPoint\",\"urlTemplate\":\"https:\/\/meckelburg-bauelemente.de\/update\/?s={search_term_string}\"},\"query-input\":\"required name=search_term_string\"}],\"inLanguage\":\"de\"},{\"@type\":\"ImageObject\",\"@id\":\"https:\/\/meckelburg-bauelemente.de\/update\/#primaryimage\",\"inLanguage\":\"de\",\"url\":\"https:\/\/meckelburg-bauelemente.de\/update\/wp-content\/uploads\/montage.jpg\",\"contentUrl\":\"https:\/\/meckelburg-bauelemente.de\/update\/wp-content\/uploads\/montage.jpg\",\"width\":250,\"height\":170},{\"@type\":\"WebPage\",\"@id\":\"https:\/\/meckelburg-bauelemente.de\/update\/#webpage\",\"url\":\"https:\/\/meckelburg-bauelemente.de\/update\/\",\"name\":\"Meckelburg Bauelemente in Leverkusen\",\"isPartOf\":{\"@id\":\"https:\/\/meckelburg-bauelemente.de\/update\/#website\"},\"primaryImageOfPage\":{\"@id\":\"https:\/\/meckelburg-bauelemente.de\/update\/#primaryimage\"},\"datePublished\":\"2014-12-10T09:02:21+00:00\",\"dateModified\":\"2020-12-08T08:19:17+00:00\",\"description\":\"Willkommen bei Meckelburg Bauelemente in Leverkusen, Ihr Partner f\\u00fcr Rolll\\u00e4den, Fenster, Haust\\u00fcren, Rolltore, Insektenschutz, Sicherheitstechnik, Wartung\",\"breadcrumb\":{\"@id\":\"https:\/\/meckelburg-bauelemente.de\/update\/#breadcrumb\"},\"inLanguage\":\"de\",\"potentialAction\":[{\"@type\":\"ReadAction\",\"target\":[\"https:\/\/meckelburg-bauelemente.de\/update\/\"]}]},{\"@type\":\"BreadcrumbList\",\"@id\":\"https:\/\/meckelburg-bauelemente.de\/update\/#breadcrumb\",\"itemListElement\":[{\"@type\":\"ListItem\",\"position\":1,\"name\":\"Home\",\"item\":\"https:\/\/meckelburg-bauelemente.de\/update\/\"},{\"@type\":\"ListItem\",\"position\":2,\"name\":\"Start &#8211; Willkommen bei Meckelburg Bauelemente in Leverkusen\"}]}]}<\/script>\n<!-- \/ Yoast SEO plugin. -->","yoast_head_json":{"title":"Meckelburg Bauelemente in Leverkusen","description":"Willkommen bei Meckelburg Bauelemente in Leverkusen, Ihr Partner f\u00fcr Rolll\u00e4den, Fenster, Haust\u00fcren, Rolltore, Insektenschutz, Sicherheitstechnik, Wartung","robots":{"index":"index","follow":"follow","max-snippet":"max-snippet:-1","max-image-preview":"max-image-preview:large","max-video-preview":"max-video-preview:-1"},"canonical":"https:\/\/meckelburg-bauelemente.de\/update\/","og_locale":"de_DE","og_type":"article","og_title":"Meckelburg Bauelemente in Leverkusen","og_description":"Willkommen bei Meckelburg Bauelemente in Leverkusen, Ihr Partner f\u00fcr Rolll\u00e4den, Fenster, Haust\u00fcren, Rolltore, Insektenschutz, Sicherheitstechnik, Wartung","og_url":"https:\/\/meckelburg-bauelemente.de\/update\/","og_site_name":"meckelburg-bauelemente.de - Haust\u00fcren - Fenster - Rolladen- Rolltore - Insektenschutz - Sicherheitstechnik","article_modified_time":"2020-12-08T08:19:17+00:00","og_image":[{"url":"https:\/\/meckelburg-bauelemente.de\/update\/wp-content\/uploads\/montage.jpg"}],"twitter_card":"summary","twitter_misc":{"Gesch\u00e4tzte Lesezeit":"1\u00a0Minute"},"schema":{"@context":"https:\/\/schema.org","@graph":[{"@type":"WebSite","@id":"https:\/\/meckelburg-bauelemente.de\/update\/#website","url":"https:\/\/meckelburg-bauelemente.de\/update\/","name":"meckelburg-bauelemente.de - Haust\u00fcren - Fenster - Rolladen- Rolltore - Insektenschutz - Sicherheitstechnik","description":"Montage - Wartung - Reparatur - Beratung - Installation","potentialAction":[{"@type":"SearchAction","target":{"@type":"EntryPoint","urlTemplate":"https:\/\/meckelburg-bauelemente.de\/update\/?s={search_term_string}"},"query-input":"required name=search_term_string"}],"inLanguage":"de"},{"@type":"ImageObject","@id":"https:\/\/meckelburg-bauelemente.de\/update\/#primaryimage","inLanguage":"de","url":"https:\/\/meckelburg-bauelemente.de\/update\/wp-content\/uploads\/montage.jpg","contentUrl":"https:\/\/meckelburg-bauelemente.de\/update\/wp-content\/uploads\/montage.jpg","width":250,"height":170},{"@type":"WebPage","@id":"https:\/\/meckelburg-bauelemente.de\/update\/#webpage","url":"https:\/\/meckelburg-bauelemente.de\/update\/","name":"Meckelburg Bauelemente in Leverkusen","isPartOf":{"@id":"https:\/\/meckelburg-bauelemente.de\/update\/#website"},"primaryImageOfPage":{"@id":"https:\/\/meckelburg-bauelemente.de\/update\/#primaryimage"},"datePublished":"2014-12-10T09:02:21+00:00","dateModified":"2020-12-08T08:19:17+00:00","description":"Willkommen bei Meckelburg Bauelemente in Leverkusen, Ihr Partner f\u00fcr Rolll\u00e4den, Fenster, Haust\u00fcren, Rolltore, Insektenschutz, Sicherheitstechnik, Wartung","breadcrumb":{"@id":"https:\/\/meckelburg-bauelemente.de\/update\/#breadcrumb"},"inLanguage":"de","potentialAction":[{"@type":"ReadAction","target":["https:\/\/meckelburg-bauelemente.de\/update\/"]}]},{"@type":"BreadcrumbList","@id":"https:\/\/meckelburg-bauelemente.de\/update\/#breadcrumb","itemListElement":[{"@type":"ListItem","position":1,"name":"Home","item":"https:\/\/meckelburg-bauelemente.de\/update\/"},{"@type":"ListItem","position":2,"name":"Start &#8211; Willkommen bei Meckelburg Bauelemente in Leverkusen"}]}]}},"_links":{"self":[{"href":"https:\/\/meckelburg-bauelemente.de\/update\/wp-json\/wp\/v2\/pages\/49"}],"collection":[{"href":"https:\/\/meckelburg-bauelemente.de\/update\/wp-json\/wp\/v2\/pages"}],"about":[{"href":"https:\/\/meckelburg-bauelemente.de\/update\/wp-json\/wp\/v2\/types\/page"}],"author":[{"embeddable":true,"href":"https:\/\/meckelburg-bauelemente.de\/update\/wp-json\/wp\/v2\/users\/1"}],"replies":[{"embeddable":true,"href":"https:\/\/meckelburg-bauelemente.de\/update\/wp-json\/wp\/v2\/comments?post=49"}],"version-history":[{"count":10,"href":"https:\/\/meckelburg-bauelemente.de\/update\/wp-json\/wp\/v2\/pages\/49\/revisions"}],"predecessor-version":[{"id":555,"href":"https:\/\/meckelburg-bauelemente.de\/update\/wp-json\/wp\/v2\/pages\/49\/revisions\/555"}],"wp:attachment":[{"href":"https:\/\/meckelburg-bauelemente.de\/update\/wp-json\/wp\/v2\/media?parent=49"}],"curies":[{"name":"wp","href":"https:\/\/api.w.org\/{rel}","templated":true}]}}