{"id":27,"date":"2014-11-26T08:46:27","date_gmt":"2014-11-26T06:46:27","guid":{"rendered":"http:\/\/meckelburg-bauelemente.de\/leverkusen\/?page_id=27"},"modified":"2015-04-22T09:30:18","modified_gmt":"2015-04-22T07:30:18","slug":"sicherheitstechnik","status":"publish","type":"page","link":"https:\/\/meckelburg-bauelemente.de\/update\/produkte\/sicherheitstechnik\/","title":{"rendered":"Sicherheitstechnik"},"content":{"rendered":"<p><img loading=\"lazy\" class=\"alignleft size-full wp-image-268\" src=\"https:\/\/meckelburg-bauelemente.de\/update\/wp-content\/uploads\/F_76_-2615_-43_XS.jpg\" alt=\"Burglar breaking in a house\" width=\"424\" height=\"283\" srcset=\"https:\/\/meckelburg-bauelemente.de\/update\/wp-content\/uploads\/F_76_-2615_-43_XS.jpg 424w, https:\/\/meckelburg-bauelemente.de\/update\/wp-content\/uploads\/F_76_-2615_-43_XS-300x200.jpg 300w\" sizes=\"(max-width: 424px) 100vw, 424px\" \/>Haben sie Fenster welche noch keine Sicherheitsbeschl\u00e4ge haben?<\/p>\n<p>Kein Problem, diese k\u00f6nnen auch nachtr\u00e4glich mit einem Sicherheitsbeschlag nach RC2 oder Zusatzschl\u00f6sser aufger\u00fcstet werden.<\/p>\n<p>Wir kommen gerne zu Ihnen nach Hause und beraten sie umfassend und kompetent<br \/>\nin Sachen Sicherheitstechnik.<\/p>\n","protected":false},"excerpt":{"rendered":"<p>Haben sie Fenster welche noch keine Sicherheitsbeschl\u00e4ge haben? Kein Problem, diese k\u00f6nnen auch nachtr\u00e4glich mit einem Sicherheitsbeschlag nach RC2 oder Zusatzschl\u00f6sser aufger\u00fcstet werden. Wir kommen gerne zu Ihnen nach Hause und beraten sie umfassend und kompetent in Sachen Sicherheitstechnik.<\/p>\n","protected":false},"author":1,"featured_media":0,"parent":15,"menu_order":5,"comment_status":"closed","ping_status":"closed","template":"","meta":[],"yoast_head":"<!-- This site is optimized with the Yoast SEO plugin v17.8 - https:\/\/yoast.com\/wordpress\/plugins\/seo\/ -->\n<title>Sicherheitstechnik - meckelburg-bauelemente.de - Haust\u00fcren - Fenster - Rolladen- Rolltore - Insektenschutz - Sicherheitstechnik<\/title>\n<meta name=\"description\" content=\"Sicherheitstechnik: Haben sie Fenster ohne Sicherheitsbeschl\u00e4ge Diese k\u00f6nnen nachger\u00fcstet werden. Wir kommen gerne zu Ihnen und beraten sie umfassend\" \/>\n<meta name=\"robots\" content=\"index, follow, max-snippet:-1, max-image-preview:large, max-video-preview:-1\" \/>\n<link rel=\"canonical\" href=\"https:\/\/meckelburg-bauelemente.de\/update\/produkte\/sicherheitstechnik\/\" \/>\n<meta property=\"og:locale\" content=\"de_DE\" \/>\n<meta property=\"og:type\" content=\"article\" \/>\n<meta property=\"og:title\" content=\"Sicherheitstechnik - meckelburg-bauelemente.de - Haust\u00fcren - Fenster - Rolladen- Rolltore - Insektenschutz - Sicherheitstechnik\" \/>\n<meta property=\"og:description\" content=\"Sicherheitstechnik: Haben sie Fenster ohne Sicherheitsbeschl\u00e4ge Diese k\u00f6nnen nachger\u00fcstet werden. Wir kommen gerne zu Ihnen und beraten sie umfassend\" \/>\n<meta property=\"og:url\" content=\"https:\/\/meckelburg-bauelemente.de\/update\/produkte\/sicherheitstechnik\/\" \/>\n<meta property=\"og:site_name\" content=\"meckelburg-bauelemente.de - Haust\u00fcren - Fenster - Rolladen- Rolltore - Insektenschutz - Sicherheitstechnik\" \/>\n<meta property=\"article:modified_time\" content=\"2015-04-22T07:30:18+00:00\" \/>\n<meta property=\"og:image\" content=\"https:\/\/meckelburg-bauelemente.de\/update\/wp-content\/uploads\/F_76_-2615_-43_XS.jpg\" \/>\n<meta name=\"twitter:card\" content=\"summary\" \/>\n<script type=\"application\/ld+json\" class=\"yoast-schema-graph\">{\"@context\":\"https:\/\/schema.org\",\"@graph\":[{\"@type\":\"WebSite\",\"@id\":\"https:\/\/meckelburg-bauelemente.de\/update\/#website\",\"url\":\"https:\/\/meckelburg-bauelemente.de\/update\/\",\"name\":\"meckelburg-bauelemente.de - Haust\\u00fcren - Fenster - Rolladen- Rolltore - Insektenschutz - Sicherheitstechnik\",\"description\":\"Montage - Wartung - Reparatur - Beratung - Installation\",\"potentialAction\":[{\"@type\":\"SearchAction\",\"target\":{\"@type\":\"EntryPoint\",\"urlTemplate\":\"https:\/\/meckelburg-bauelemente.de\/update\/?s={search_term_string}\"},\"query-input\":\"required name=search_term_string\"}],\"inLanguage\":\"de\"},{\"@type\":\"ImageObject\",\"@id\":\"https:\/\/meckelburg-bauelemente.de\/update\/produkte\/sicherheitstechnik\/#primaryimage\",\"inLanguage\":\"de\",\"url\":\"https:\/\/meckelburg-bauelemente.de\/update\/wp-content\/uploads\/F_76_-2615_-43_XS.jpg\",\"contentUrl\":\"https:\/\/meckelburg-bauelemente.de\/update\/wp-content\/uploads\/F_76_-2615_-43_XS.jpg\",\"width\":424,\"height\":283},{\"@type\":\"WebPage\",\"@id\":\"https:\/\/meckelburg-bauelemente.de\/update\/produkte\/sicherheitstechnik\/#webpage\",\"url\":\"https:\/\/meckelburg-bauelemente.de\/update\/produkte\/sicherheitstechnik\/\",\"name\":\"Sicherheitstechnik - meckelburg-bauelemente.de - Haust\\u00fcren - Fenster - Rolladen- Rolltore - Insektenschutz - Sicherheitstechnik\",\"isPartOf\":{\"@id\":\"https:\/\/meckelburg-bauelemente.de\/update\/#website\"},\"primaryImageOfPage\":{\"@id\":\"https:\/\/meckelburg-bauelemente.de\/update\/produkte\/sicherheitstechnik\/#primaryimage\"},\"datePublished\":\"2014-11-26T06:46:27+00:00\",\"dateModified\":\"2015-04-22T07:30:18+00:00\",\"description\":\"Sicherheitstechnik: Haben sie Fenster ohne Sicherheitsbeschl\\u00e4ge Diese k\\u00f6nnen nachger\\u00fcstet werden. Wir kommen gerne zu Ihnen und beraten sie umfassend\",\"breadcrumb\":{\"@id\":\"https:\/\/meckelburg-bauelemente.de\/update\/produkte\/sicherheitstechnik\/#breadcrumb\"},\"inLanguage\":\"de\",\"potentialAction\":[{\"@type\":\"ReadAction\",\"target\":[\"https:\/\/meckelburg-bauelemente.de\/update\/produkte\/sicherheitstechnik\/\"]}]},{\"@type\":\"BreadcrumbList\",\"@id\":\"https:\/\/meckelburg-bauelemente.de\/update\/produkte\/sicherheitstechnik\/#breadcrumb\",\"itemListElement\":[{\"@type\":\"ListItem\",\"position\":1,\"name\":\"Home\",\"item\":\"https:\/\/meckelburg-bauelemente.de\/update\/\"},{\"@type\":\"ListItem\",\"position\":2,\"name\":\"Produkte\",\"item\":\"https:\/\/meckelburg-bauelemente.de\/update\/produkte\/\"},{\"@type\":\"ListItem\",\"position\":3,\"name\":\"Sicherheitstechnik\"}]}]}<\/script>\n<!-- \/ Yoast SEO plugin. -->","yoast_head_json":{"title":"Sicherheitstechnik - meckelburg-bauelemente.de - Haust\u00fcren - Fenster - Rolladen- Rolltore - Insektenschutz - Sicherheitstechnik","description":"Sicherheitstechnik: Haben sie Fenster ohne Sicherheitsbeschl\u00e4ge Diese k\u00f6nnen nachger\u00fcstet werden. Wir kommen gerne zu Ihnen und beraten sie umfassend","robots":{"index":"index","follow":"follow","max-snippet":"max-snippet:-1","max-image-preview":"max-image-preview:large","max-video-preview":"max-video-preview:-1"},"canonical":"https:\/\/meckelburg-bauelemente.de\/update\/produkte\/sicherheitstechnik\/","og_locale":"de_DE","og_type":"article","og_title":"Sicherheitstechnik - meckelburg-bauelemente.de - Haust\u00fcren - Fenster - Rolladen- Rolltore - Insektenschutz - Sicherheitstechnik","og_description":"Sicherheitstechnik: Haben sie Fenster ohne Sicherheitsbeschl\u00e4ge Diese k\u00f6nnen nachger\u00fcstet werden. Wir kommen gerne zu Ihnen und beraten sie umfassend","og_url":"https:\/\/meckelburg-bauelemente.de\/update\/produkte\/sicherheitstechnik\/","og_site_name":"meckelburg-bauelemente.de - Haust\u00fcren - Fenster - Rolladen- Rolltore - Insektenschutz - Sicherheitstechnik","article_modified_time":"2015-04-22T07:30:18+00:00","og_image":[{"url":"https:\/\/meckelburg-bauelemente.de\/update\/wp-content\/uploads\/F_76_-2615_-43_XS.jpg"}],"twitter_card":"summary","schema":{"@context":"https:\/\/schema.org","@graph":[{"@type":"WebSite","@id":"https:\/\/meckelburg-bauelemente.de\/update\/#website","url":"https:\/\/meckelburg-bauelemente.de\/update\/","name":"meckelburg-bauelemente.de - Haust\u00fcren - Fenster - Rolladen- Rolltore - Insektenschutz - Sicherheitstechnik","description":"Montage - Wartung - Reparatur - Beratung - Installation","potentialAction":[{"@type":"SearchAction","target":{"@type":"EntryPoint","urlTemplate":"https:\/\/meckelburg-bauelemente.de\/update\/?s={search_term_string}"},"query-input":"required name=search_term_string"}],"inLanguage":"de"},{"@type":"ImageObject","@id":"https:\/\/meckelburg-bauelemente.de\/update\/produkte\/sicherheitstechnik\/#primaryimage","inLanguage":"de","url":"https:\/\/meckelburg-bauelemente.de\/update\/wp-content\/uploads\/F_76_-2615_-43_XS.jpg","contentUrl":"https:\/\/meckelburg-bauelemente.de\/update\/wp-content\/uploads\/F_76_-2615_-43_XS.jpg","width":424,"height":283},{"@type":"WebPage","@id":"https:\/\/meckelburg-bauelemente.de\/update\/produkte\/sicherheitstechnik\/#webpage","url":"https:\/\/meckelburg-bauelemente.de\/update\/produkte\/sicherheitstechnik\/","name":"Sicherheitstechnik - meckelburg-bauelemente.de - Haust\u00fcren - Fenster - Rolladen- Rolltore - Insektenschutz - Sicherheitstechnik","isPartOf":{"@id":"https:\/\/meckelburg-bauelemente.de\/update\/#website"},"primaryImageOfPage":{"@id":"https:\/\/meckelburg-bauelemente.de\/update\/produkte\/sicherheitstechnik\/#primaryimage"},"datePublished":"2014-11-26T06:46:27+00:00","dateModified":"2015-04-22T07:30:18+00:00","description":"Sicherheitstechnik: Haben sie Fenster ohne Sicherheitsbeschl\u00e4ge Diese k\u00f6nnen nachger\u00fcstet werden. Wir kommen gerne zu Ihnen und beraten sie umfassend","breadcrumb":{"@id":"https:\/\/meckelburg-bauelemente.de\/update\/produkte\/sicherheitstechnik\/#breadcrumb"},"inLanguage":"de","potentialAction":[{"@type":"ReadAction","target":["https:\/\/meckelburg-bauelemente.de\/update\/produkte\/sicherheitstechnik\/"]}]},{"@type":"BreadcrumbList","@id":"https:\/\/meckelburg-bauelemente.de\/update\/produkte\/sicherheitstechnik\/#breadcrumb","itemListElement":[{"@type":"ListItem","position":1,"name":"Home","item":"https:\/\/meckelburg-bauelemente.de\/update\/"},{"@type":"ListItem","position":2,"name":"Produkte","item":"https:\/\/meckelburg-bauelemente.de\/update\/produkte\/"},{"@type":"ListItem","position":3,"name":"Sicherheitstechnik"}]}]}},"_links":{"self":[{"href":"https:\/\/meckelburg-bauelemente.de\/update\/wp-json\/wp\/v2\/pages\/27"}],"collection":[{"href":"https:\/\/meckelburg-bauelemente.de\/update\/wp-json\/wp\/v2\/pages"}],"about":[{"href":"https:\/\/meckelburg-bauelemente.de\/update\/wp-json\/wp\/v2\/types\/page"}],"author":[{"embeddable":true,"href":"https:\/\/meckelburg-bauelemente.de\/update\/wp-json\/wp\/v2\/users\/1"}],"replies":[{"embeddable":true,"href":"https:\/\/meckelburg-bauelemente.de\/update\/wp-json\/wp\/v2\/comments?post=27"}],"version-history":[{"count":5,"href":"https:\/\/meckelburg-bauelemente.de\/update\/wp-json\/wp\/v2\/pages\/27\/revisions"}],"predecessor-version":[{"id":377,"href":"https:\/\/meckelburg-bauelemente.de\/update\/wp-json\/wp\/v2\/pages\/27\/revisions\/377"}],"up":[{"embeddable":true,"href":"https:\/\/meckelburg-bauelemente.de\/update\/wp-json\/wp\/v2\/pages\/15"}],"wp:attachment":[{"href":"https:\/\/meckelburg-bauelemente.de\/update\/wp-json\/wp\/v2\/media?parent=27"}],"curies":[{"name":"wp","href":"https:\/\/api.w.org\/{rel}","templated":true}]}}