{"id":25,"date":"2014-11-26T08:46:09","date_gmt":"2014-11-26T06:46:09","guid":{"rendered":"http:\/\/meckelburg-bauelemente.de\/leverkusen\/?page_id=25"},"modified":"2015-04-22T09:26:18","modified_gmt":"2015-04-22T07:26:18","slug":"insektenschutz","status":"publish","type":"page","link":"https:\/\/meckelburg-bauelemente.de\/update\/produkte\/insektenschutz\/","title":{"rendered":"Insektenschutz"},"content":{"rendered":"<p><img loading=\"lazy\" class=\" wp-image-239  alignleft\" src=\"https:\/\/meckelburg-bauelemente.de\/update\/wp-content\/uploads\/is2-300x188.jpg\" alt=\"is2\" width=\"286\" height=\"179\" srcset=\"https:\/\/meckelburg-bauelemente.de\/update\/wp-content\/uploads\/is2-300x188.jpg 300w, https:\/\/meckelburg-bauelemente.de\/update\/wp-content\/uploads\/is2.jpg 800w\" sizes=\"(max-width: 286px) 100vw, 286px\" \/>\u201eUnerw\u00fcnschte Plagegeister werden einfach ausgesperrt\u201c<br \/>\nmit unserem Insektenschutz<\/p>\n<p>Fliegengitter erm\u00f6glichen sorgloses L\u00fcften und ungest\u00f6rten<br \/>\nSchlaf bei ge\u00f6ffneten oder gekippten Fenster.<\/p>\n<p>Es gibt verschiedene L\u00f6sungen, um sich vor Insekten<br \/>\nund Kleintieren zu sch\u00fctzen:<\/p>\n<p><strong><br \/>\nDer Spannrahmen:<\/strong><br \/>\nMontage ohne Bohren, eine leichte und sichere Handhabung, nahezu \u00fcberall einsetzbar.<\/p>\n<p><strong>Der Drehrahmen:<\/strong><br \/>\neine robuste Insektenschutzt\u00fcre f\u00fcr Balkon oder Terrasse.<\/p>\n<p><strong>Die Schiebet\u00fcre<\/strong>:<br \/>\nbei gro\u00dfen Balkon- und Terrassent\u00fcren oder Hebeschiebet\u00fcren.<\/p>\n<p><strong>Das Rollo:<br \/>\n<\/strong>vielseitig einsetzbar an Fenster, Balkon- und Terrassent\u00fcren.<\/p>\n<p><strong>Die Lichtschachtabdeckung:<br \/>\n<\/strong>Der Lichtschacht bleibt dauerhaft sauber. Laub und Kleintiere wie<br \/>\nSpinnen, M\u00e4use, Schnecken werden sicher und dauerhaft abgehalten.<\/p>\n<dl id=\"attachment_311\" class=\"wp-caption alignnone\" style=\"width: 433px;\">\n<dt class=\"wp-caption-dt\"><img loading=\"lazy\" class=\"wp-image-311 size-full\" src=\"https:\/\/meckelburg-bauelemente.de\/update\/wp-content\/uploads\/isd.jpg\" alt=\"\" width=\"423\" height=\"549\" srcset=\"https:\/\/meckelburg-bauelemente.de\/update\/wp-content\/uploads\/isd.jpg 423w, https:\/\/meckelburg-bauelemente.de\/update\/wp-content\/uploads\/isd-231x300.jpg 231w\" sizes=\"(max-width: 423px) 100vw, 423px\" \/><\/dt>\n<dd class=\"wp-caption-dd\">Oben: Lichtschachtabdeckung\u00a0 <br class=\"clear\" \/> Unten: Insektenschutzrollo<\/dd>\n<\/dl>\n<p>&nbsp;<\/p>\n<p>&nbsp;<\/p>\n<p>&nbsp;<\/p>\n<p>&nbsp;<\/p>\n<p>&nbsp;<\/p>\n<p>&nbsp;<\/p>\n<p>&nbsp;<\/p>\n<p>&nbsp;<\/p>\n","protected":false},"excerpt":{"rendered":"<p>\u201eUnerw\u00fcnschte Plagegeister werden einfach ausgesperrt\u201c mit unserem Insektenschutz Fliegengitter erm\u00f6glichen sorgloses L\u00fcften und ungest\u00f6rten Schlaf bei ge\u00f6ffneten oder gekippten Fenster. Es gibt verschiedene L\u00f6sungen, um sich vor Insekten und Kleintieren zu sch\u00fctzen: Der Spannrahmen: Montage ohne Bohren, eine leichte und &hellip; <a class=\"kt-excerpt-readmore\" href=\"https:\/\/meckelburg-bauelemente.de\/update\/produkte\/insektenschutz\/\" aria-label=\"Insektenschutz\">Weiterlesen<\/a><\/p>\n","protected":false},"author":1,"featured_media":0,"parent":15,"menu_order":4,"comment_status":"closed","ping_status":"closed","template":"","meta":[],"yoast_head":"<!-- This site is optimized with the Yoast SEO plugin v17.8 - https:\/\/yoast.com\/wordpress\/plugins\/seo\/ -->\n<title>Insektenschutz - meckelburg-bauelemente.de - Haust\u00fcren - Fenster - Rolladen- Rolltore - Insektenschutz - Sicherheitstechnik<\/title>\n<meta name=\"description\" content=\"Insektenschutz f\u00fcr Balkon oder Terrasse. Schiebet\u00fcre: bei gro\u00dfen Balkon- und Terrassent\u00fcren oder Hebeschiebet\u00fcren. Rollo: vielseitig einsetzbar an vielen\" \/>\n<meta name=\"robots\" content=\"index, follow, max-snippet:-1, max-image-preview:large, max-video-preview:-1\" \/>\n<link rel=\"canonical\" href=\"https:\/\/meckelburg-bauelemente.de\/update\/produkte\/insektenschutz\/\" \/>\n<meta property=\"og:locale\" content=\"de_DE\" \/>\n<meta property=\"og:type\" content=\"article\" \/>\n<meta property=\"og:title\" content=\"Insektenschutz - meckelburg-bauelemente.de - Haust\u00fcren - Fenster - Rolladen- Rolltore - Insektenschutz - Sicherheitstechnik\" \/>\n<meta property=\"og:description\" content=\"Insektenschutz f\u00fcr Balkon oder Terrasse. Schiebet\u00fcre: bei gro\u00dfen Balkon- und Terrassent\u00fcren oder Hebeschiebet\u00fcren. Rollo: vielseitig einsetzbar an vielen\" \/>\n<meta property=\"og:url\" content=\"https:\/\/meckelburg-bauelemente.de\/update\/produkte\/insektenschutz\/\" \/>\n<meta property=\"og:site_name\" content=\"meckelburg-bauelemente.de - Haust\u00fcren - Fenster - Rolladen- Rolltore - Insektenschutz - Sicherheitstechnik\" \/>\n<meta property=\"article:modified_time\" content=\"2015-04-22T07:26:18+00:00\" \/>\n<meta property=\"og:image\" content=\"https:\/\/meckelburg-bauelemente.de\/update\/wp-content\/uploads\/is2-300x188.jpg\" \/>\n<meta name=\"twitter:card\" content=\"summary\" \/>\n<meta name=\"twitter:label1\" content=\"Gesch\u00e4tzte Lesezeit\" \/>\n\t<meta name=\"twitter:data1\" content=\"1\u00a0Minute\" \/>\n<script type=\"application\/ld+json\" class=\"yoast-schema-graph\">{\"@context\":\"https:\/\/schema.org\",\"@graph\":[{\"@type\":\"WebSite\",\"@id\":\"https:\/\/meckelburg-bauelemente.de\/update\/#website\",\"url\":\"https:\/\/meckelburg-bauelemente.de\/update\/\",\"name\":\"meckelburg-bauelemente.de - Haust\\u00fcren - Fenster - Rolladen- Rolltore - Insektenschutz - Sicherheitstechnik\",\"description\":\"Montage - Wartung - Reparatur - Beratung - Installation\",\"potentialAction\":[{\"@type\":\"SearchAction\",\"target\":{\"@type\":\"EntryPoint\",\"urlTemplate\":\"https:\/\/meckelburg-bauelemente.de\/update\/?s={search_term_string}\"},\"query-input\":\"required name=search_term_string\"}],\"inLanguage\":\"de\"},{\"@type\":\"ImageObject\",\"@id\":\"https:\/\/meckelburg-bauelemente.de\/update\/produkte\/insektenschutz\/#primaryimage\",\"inLanguage\":\"de\",\"url\":\"https:\/\/meckelburg-bauelemente.de\/update\/wp-content\/uploads\/is2.jpg\",\"contentUrl\":\"https:\/\/meckelburg-bauelemente.de\/update\/wp-content\/uploads\/is2.jpg\",\"width\":800,\"height\":500},{\"@type\":\"WebPage\",\"@id\":\"https:\/\/meckelburg-bauelemente.de\/update\/produkte\/insektenschutz\/#webpage\",\"url\":\"https:\/\/meckelburg-bauelemente.de\/update\/produkte\/insektenschutz\/\",\"name\":\"Insektenschutz - meckelburg-bauelemente.de - Haust\\u00fcren - Fenster - Rolladen- Rolltore - Insektenschutz - Sicherheitstechnik\",\"isPartOf\":{\"@id\":\"https:\/\/meckelburg-bauelemente.de\/update\/#website\"},\"primaryImageOfPage\":{\"@id\":\"https:\/\/meckelburg-bauelemente.de\/update\/produkte\/insektenschutz\/#primaryimage\"},\"datePublished\":\"2014-11-26T06:46:09+00:00\",\"dateModified\":\"2015-04-22T07:26:18+00:00\",\"description\":\"Insektenschutz f\\u00fcr Balkon oder Terrasse. Schiebet\\u00fcre: bei gro\\u00dfen Balkon- und Terrassent\\u00fcren oder Hebeschiebet\\u00fcren. Rollo: vielseitig einsetzbar an vielen\",\"breadcrumb\":{\"@id\":\"https:\/\/meckelburg-bauelemente.de\/update\/produkte\/insektenschutz\/#breadcrumb\"},\"inLanguage\":\"de\",\"potentialAction\":[{\"@type\":\"ReadAction\",\"target\":[\"https:\/\/meckelburg-bauelemente.de\/update\/produkte\/insektenschutz\/\"]}]},{\"@type\":\"BreadcrumbList\",\"@id\":\"https:\/\/meckelburg-bauelemente.de\/update\/produkte\/insektenschutz\/#breadcrumb\",\"itemListElement\":[{\"@type\":\"ListItem\",\"position\":1,\"name\":\"Home\",\"item\":\"https:\/\/meckelburg-bauelemente.de\/update\/\"},{\"@type\":\"ListItem\",\"position\":2,\"name\":\"Produkte\",\"item\":\"https:\/\/meckelburg-bauelemente.de\/update\/produkte\/\"},{\"@type\":\"ListItem\",\"position\":3,\"name\":\"Insektenschutz\"}]}]}<\/script>\n<!-- \/ Yoast SEO plugin. -->","yoast_head_json":{"title":"Insektenschutz - meckelburg-bauelemente.de - Haust\u00fcren - Fenster - Rolladen- Rolltore - Insektenschutz - Sicherheitstechnik","description":"Insektenschutz f\u00fcr Balkon oder Terrasse. Schiebet\u00fcre: bei gro\u00dfen Balkon- und Terrassent\u00fcren oder Hebeschiebet\u00fcren. Rollo: vielseitig einsetzbar an vielen","robots":{"index":"index","follow":"follow","max-snippet":"max-snippet:-1","max-image-preview":"max-image-preview:large","max-video-preview":"max-video-preview:-1"},"canonical":"https:\/\/meckelburg-bauelemente.de\/update\/produkte\/insektenschutz\/","og_locale":"de_DE","og_type":"article","og_title":"Insektenschutz - meckelburg-bauelemente.de - Haust\u00fcren - Fenster - Rolladen- Rolltore - Insektenschutz - Sicherheitstechnik","og_description":"Insektenschutz f\u00fcr Balkon oder Terrasse. Schiebet\u00fcre: bei gro\u00dfen Balkon- und Terrassent\u00fcren oder Hebeschiebet\u00fcren. Rollo: vielseitig einsetzbar an vielen","og_url":"https:\/\/meckelburg-bauelemente.de\/update\/produkte\/insektenschutz\/","og_site_name":"meckelburg-bauelemente.de - Haust\u00fcren - Fenster - Rolladen- Rolltore - Insektenschutz - Sicherheitstechnik","article_modified_time":"2015-04-22T07:26:18+00:00","og_image":[{"url":"https:\/\/meckelburg-bauelemente.de\/update\/wp-content\/uploads\/is2-300x188.jpg"}],"twitter_card":"summary","twitter_misc":{"Gesch\u00e4tzte Lesezeit":"1\u00a0Minute"},"schema":{"@context":"https:\/\/schema.org","@graph":[{"@type":"WebSite","@id":"https:\/\/meckelburg-bauelemente.de\/update\/#website","url":"https:\/\/meckelburg-bauelemente.de\/update\/","name":"meckelburg-bauelemente.de - Haust\u00fcren - Fenster - Rolladen- Rolltore - Insektenschutz - Sicherheitstechnik","description":"Montage - Wartung - Reparatur - Beratung - Installation","potentialAction":[{"@type":"SearchAction","target":{"@type":"EntryPoint","urlTemplate":"https:\/\/meckelburg-bauelemente.de\/update\/?s={search_term_string}"},"query-input":"required name=search_term_string"}],"inLanguage":"de"},{"@type":"ImageObject","@id":"https:\/\/meckelburg-bauelemente.de\/update\/produkte\/insektenschutz\/#primaryimage","inLanguage":"de","url":"https:\/\/meckelburg-bauelemente.de\/update\/wp-content\/uploads\/is2.jpg","contentUrl":"https:\/\/meckelburg-bauelemente.de\/update\/wp-content\/uploads\/is2.jpg","width":800,"height":500},{"@type":"WebPage","@id":"https:\/\/meckelburg-bauelemente.de\/update\/produkte\/insektenschutz\/#webpage","url":"https:\/\/meckelburg-bauelemente.de\/update\/produkte\/insektenschutz\/","name":"Insektenschutz - meckelburg-bauelemente.de - Haust\u00fcren - Fenster - Rolladen- Rolltore - Insektenschutz - Sicherheitstechnik","isPartOf":{"@id":"https:\/\/meckelburg-bauelemente.de\/update\/#website"},"primaryImageOfPage":{"@id":"https:\/\/meckelburg-bauelemente.de\/update\/produkte\/insektenschutz\/#primaryimage"},"datePublished":"2014-11-26T06:46:09+00:00","dateModified":"2015-04-22T07:26:18+00:00","description":"Insektenschutz f\u00fcr Balkon oder Terrasse. Schiebet\u00fcre: bei gro\u00dfen Balkon- und Terrassent\u00fcren oder Hebeschiebet\u00fcren. Rollo: vielseitig einsetzbar an vielen","breadcrumb":{"@id":"https:\/\/meckelburg-bauelemente.de\/update\/produkte\/insektenschutz\/#breadcrumb"},"inLanguage":"de","potentialAction":[{"@type":"ReadAction","target":["https:\/\/meckelburg-bauelemente.de\/update\/produkte\/insektenschutz\/"]}]},{"@type":"BreadcrumbList","@id":"https:\/\/meckelburg-bauelemente.de\/update\/produkte\/insektenschutz\/#breadcrumb","itemListElement":[{"@type":"ListItem","position":1,"name":"Home","item":"https:\/\/meckelburg-bauelemente.de\/update\/"},{"@type":"ListItem","position":2,"name":"Produkte","item":"https:\/\/meckelburg-bauelemente.de\/update\/produkte\/"},{"@type":"ListItem","position":3,"name":"Insektenschutz"}]}]}},"_links":{"self":[{"href":"https:\/\/meckelburg-bauelemente.de\/update\/wp-json\/wp\/v2\/pages\/25"}],"collection":[{"href":"https:\/\/meckelburg-bauelemente.de\/update\/wp-json\/wp\/v2\/pages"}],"about":[{"href":"https:\/\/meckelburg-bauelemente.de\/update\/wp-json\/wp\/v2\/types\/page"}],"author":[{"embeddable":true,"href":"https:\/\/meckelburg-bauelemente.de\/update\/wp-json\/wp\/v2\/users\/1"}],"replies":[{"embeddable":true,"href":"https:\/\/meckelburg-bauelemente.de\/update\/wp-json\/wp\/v2\/comments?post=25"}],"version-history":[{"count":13,"href":"https:\/\/meckelburg-bauelemente.de\/update\/wp-json\/wp\/v2\/pages\/25\/revisions"}],"predecessor-version":[{"id":374,"href":"https:\/\/meckelburg-bauelemente.de\/update\/wp-json\/wp\/v2\/pages\/25\/revisions\/374"}],"up":[{"embeddable":true,"href":"https:\/\/meckelburg-bauelemente.de\/update\/wp-json\/wp\/v2\/pages\/15"}],"wp:attachment":[{"href":"https:\/\/meckelburg-bauelemente.de\/update\/wp-json\/wp\/v2\/media?parent=25"}],"curies":[{"name":"wp","href":"https:\/\/api.w.org\/{rel}","templated":true}]}}