{"id":23,"date":"2014-11-26T08:45:52","date_gmt":"2014-11-26T06:45:52","guid":{"rendered":"http:\/\/meckelburg-bauelemente.de\/leverkusen\/?page_id=23"},"modified":"2019-01-15T11:35:48","modified_gmt":"2019-01-15T09:35:48","slug":"rolltore","status":"publish","type":"page","link":"https:\/\/meckelburg-bauelemente.de\/update\/produkte\/rolltore\/","title":{"rendered":"Rolltore"},"content":{"rendered":"<p><img loading=\"lazy\" class=\" wp-image-266 alignleft\" src=\"https:\/\/meckelburg-bauelemente.de\/update\/wp-content\/uploads\/F_8__01__84_821_XS.jpg\" alt=\"Modernes Rolltor mit geschlossenem Vorbaurollladen\" width=\"259\" height=\"297\" srcset=\"https:\/\/meckelburg-bauelemente.de\/update\/wp-content\/uploads\/F_8__01__84_821_XS.jpg 323w, https:\/\/meckelburg-bauelemente.de\/update\/wp-content\/uploads\/F_8__01__84_821_XS-261x300.jpg 261w\" sizes=\"(max-width: 259px) 100vw, 259px\" \/> Es gibt f\u00fcr jede Garage eine passende technische L\u00f6sung,<br \/>\ngepaart mit Sch\u00f6nheit, Sicherheit, Energieeffizienz und Bedienkomfort.<\/p>\n<p>Wir beraten sie gerne vor Ort und zeigen Ihnen<br \/>\ndie zahlreichen M\u00f6glichkeiten, die moderne Tore bieten.<\/p>\n<p>Alle Rolltore werden ma\u00dfgefertigt ohne Mehrpreis und<br \/>\nvon uns professionell und durchdacht installiert und<br \/>\nin Betrieb genommen.<\/p>\n<p>Unser Partner f\u00fcr Rolltore ist die Firma AK Technik,<br \/>\nweitere Informationen zu den Produkten finden Sie hier: <a href=\"http:\/\/ak-technik.de\"><span style=\"color: #000000;\">ak-technik.de<\/span><\/a><\/p>\n<p>&nbsp;<\/p>\n<figure id=\"attachment_321\" class=\"thumbnail wp-caption alignnone\" style=\"width: 870px\"><img loading=\"lazy\" class=\"wp-image-321 size-large\" src=\"https:\/\/meckelburg-bauelemente.de\/update\/wp-content\/uploads\/rtie-1024x538.jpg\" alt=\"\" width=\"870\" height=\"457\" srcset=\"https:\/\/meckelburg-bauelemente.de\/update\/wp-content\/uploads\/rtie-1024x538.jpg 1024w, https:\/\/meckelburg-bauelemente.de\/update\/wp-content\/uploads\/rtie-300x158.jpg 300w, https:\/\/meckelburg-bauelemente.de\/update\/wp-content\/uploads\/rtie.jpg 1119w\" sizes=\"(max-width: 870px) 100vw, 870px\" \/><figcaption class=\"caption wp-caption-text\">Auf www.ak-technik.de sehen Sie weitere Beispiele<\/figcaption><\/figure>\n<p>&nbsp;<\/p>\n","protected":false},"excerpt":{"rendered":"<p>Es gibt f\u00fcr jede Garage eine passende technische L\u00f6sung, gepaart mit Sch\u00f6nheit, Sicherheit, Energieeffizienz und Bedienkomfort. Wir beraten sie gerne vor Ort und zeigen Ihnen die zahlreichen M\u00f6glichkeiten, die moderne Tore bieten. Alle Rolltore werden ma\u00dfgefertigt ohne Mehrpreis und von &hellip; <a class=\"kt-excerpt-readmore\" href=\"https:\/\/meckelburg-bauelemente.de\/update\/produkte\/rolltore\/\" aria-label=\"Rolltore\">Weiterlesen<\/a><\/p>\n","protected":false},"author":1,"featured_media":0,"parent":15,"menu_order":4,"comment_status":"closed","ping_status":"closed","template":"","meta":[],"yoast_head":"<!-- This site is optimized with the Yoast SEO plugin v17.8 - https:\/\/yoast.com\/wordpress\/plugins\/seo\/ -->\n<title>Rolltore - meckelburg-bauelemente.de - Haust\u00fcren - Fenster - Rolladen- Rolltore - Insektenschutz - Sicherheitstechnik<\/title>\n<meta name=\"description\" content=\"Rolltore werden ma\u00dfgefertigt ohne Mehrpreis und von uns professionell und durchdacht installiert und in Betrieb genommen. Ihr Partner f\u00fcr Rolltore und\" \/>\n<meta name=\"robots\" content=\"index, follow, max-snippet:-1, max-image-preview:large, max-video-preview:-1\" \/>\n<link rel=\"canonical\" href=\"https:\/\/meckelburg-bauelemente.de\/update\/produkte\/rolltore\/\" \/>\n<meta property=\"og:locale\" content=\"de_DE\" \/>\n<meta property=\"og:type\" content=\"article\" \/>\n<meta property=\"og:title\" content=\"Rolltore - meckelburg-bauelemente.de - Haust\u00fcren - Fenster - Rolladen- Rolltore - Insektenschutz - Sicherheitstechnik\" \/>\n<meta property=\"og:description\" content=\"Rolltore werden ma\u00dfgefertigt ohne Mehrpreis und von uns professionell und durchdacht installiert und in Betrieb genommen. Ihr Partner f\u00fcr Rolltore und\" \/>\n<meta property=\"og:url\" content=\"https:\/\/meckelburg-bauelemente.de\/update\/produkte\/rolltore\/\" \/>\n<meta property=\"og:site_name\" content=\"meckelburg-bauelemente.de - Haust\u00fcren - Fenster - Rolladen- Rolltore - Insektenschutz - Sicherheitstechnik\" \/>\n<meta property=\"article:modified_time\" content=\"2019-01-15T09:35:48+00:00\" \/>\n<meta property=\"og:image\" content=\"https:\/\/meckelburg-bauelemente.de\/update\/wp-content\/uploads\/F_8__01__84_821_XS.jpg\" \/>\n<meta name=\"twitter:card\" content=\"summary\" \/>\n<script type=\"application\/ld+json\" class=\"yoast-schema-graph\">{\"@context\":\"https:\/\/schema.org\",\"@graph\":[{\"@type\":\"WebSite\",\"@id\":\"https:\/\/meckelburg-bauelemente.de\/update\/#website\",\"url\":\"https:\/\/meckelburg-bauelemente.de\/update\/\",\"name\":\"meckelburg-bauelemente.de - Haust\\u00fcren - Fenster - Rolladen- Rolltore - Insektenschutz - Sicherheitstechnik\",\"description\":\"Montage - Wartung - Reparatur - Beratung - Installation\",\"potentialAction\":[{\"@type\":\"SearchAction\",\"target\":{\"@type\":\"EntryPoint\",\"urlTemplate\":\"https:\/\/meckelburg-bauelemente.de\/update\/?s={search_term_string}\"},\"query-input\":\"required name=search_term_string\"}],\"inLanguage\":\"de\"},{\"@type\":\"ImageObject\",\"@id\":\"https:\/\/meckelburg-bauelemente.de\/update\/produkte\/rolltore\/#primaryimage\",\"inLanguage\":\"de\",\"url\":\"https:\/\/meckelburg-bauelemente.de\/update\/wp-content\/uploads\/F_8__01__84_821_XS.jpg\",\"contentUrl\":\"https:\/\/meckelburg-bauelemente.de\/update\/wp-content\/uploads\/F_8__01__84_821_XS.jpg\",\"width\":323,\"height\":371},{\"@type\":\"WebPage\",\"@id\":\"https:\/\/meckelburg-bauelemente.de\/update\/produkte\/rolltore\/#webpage\",\"url\":\"https:\/\/meckelburg-bauelemente.de\/update\/produkte\/rolltore\/\",\"name\":\"Rolltore - meckelburg-bauelemente.de - Haust\\u00fcren - Fenster - Rolladen- Rolltore - Insektenschutz - Sicherheitstechnik\",\"isPartOf\":{\"@id\":\"https:\/\/meckelburg-bauelemente.de\/update\/#website\"},\"primaryImageOfPage\":{\"@id\":\"https:\/\/meckelburg-bauelemente.de\/update\/produkte\/rolltore\/#primaryimage\"},\"datePublished\":\"2014-11-26T06:45:52+00:00\",\"dateModified\":\"2019-01-15T09:35:48+00:00\",\"description\":\"Rolltore werden ma\\u00dfgefertigt ohne Mehrpreis und von uns professionell und durchdacht installiert und in Betrieb genommen. Ihr Partner f\\u00fcr Rolltore und\",\"breadcrumb\":{\"@id\":\"https:\/\/meckelburg-bauelemente.de\/update\/produkte\/rolltore\/#breadcrumb\"},\"inLanguage\":\"de\",\"potentialAction\":[{\"@type\":\"ReadAction\",\"target\":[\"https:\/\/meckelburg-bauelemente.de\/update\/produkte\/rolltore\/\"]}]},{\"@type\":\"BreadcrumbList\",\"@id\":\"https:\/\/meckelburg-bauelemente.de\/update\/produkte\/rolltore\/#breadcrumb\",\"itemListElement\":[{\"@type\":\"ListItem\",\"position\":1,\"name\":\"Home\",\"item\":\"https:\/\/meckelburg-bauelemente.de\/update\/\"},{\"@type\":\"ListItem\",\"position\":2,\"name\":\"Produkte\",\"item\":\"https:\/\/meckelburg-bauelemente.de\/update\/produkte\/\"},{\"@type\":\"ListItem\",\"position\":3,\"name\":\"Rolltore\"}]}]}<\/script>\n<!-- \/ Yoast SEO plugin. -->","yoast_head_json":{"title":"Rolltore - meckelburg-bauelemente.de - Haust\u00fcren - Fenster - Rolladen- Rolltore - Insektenschutz - Sicherheitstechnik","description":"Rolltore werden ma\u00dfgefertigt ohne Mehrpreis und von uns professionell und durchdacht installiert und in Betrieb genommen. Ihr Partner f\u00fcr Rolltore und","robots":{"index":"index","follow":"follow","max-snippet":"max-snippet:-1","max-image-preview":"max-image-preview:large","max-video-preview":"max-video-preview:-1"},"canonical":"https:\/\/meckelburg-bauelemente.de\/update\/produkte\/rolltore\/","og_locale":"de_DE","og_type":"article","og_title":"Rolltore - meckelburg-bauelemente.de - Haust\u00fcren - Fenster - Rolladen- Rolltore - Insektenschutz - Sicherheitstechnik","og_description":"Rolltore werden ma\u00dfgefertigt ohne Mehrpreis und von uns professionell und durchdacht installiert und in Betrieb genommen. Ihr Partner f\u00fcr Rolltore und","og_url":"https:\/\/meckelburg-bauelemente.de\/update\/produkte\/rolltore\/","og_site_name":"meckelburg-bauelemente.de - Haust\u00fcren - Fenster - Rolladen- Rolltore - Insektenschutz - Sicherheitstechnik","article_modified_time":"2019-01-15T09:35:48+00:00","og_image":[{"url":"https:\/\/meckelburg-bauelemente.de\/update\/wp-content\/uploads\/F_8__01__84_821_XS.jpg"}],"twitter_card":"summary","schema":{"@context":"https:\/\/schema.org","@graph":[{"@type":"WebSite","@id":"https:\/\/meckelburg-bauelemente.de\/update\/#website","url":"https:\/\/meckelburg-bauelemente.de\/update\/","name":"meckelburg-bauelemente.de - Haust\u00fcren - Fenster - Rolladen- Rolltore - Insektenschutz - Sicherheitstechnik","description":"Montage - Wartung - Reparatur - Beratung - Installation","potentialAction":[{"@type":"SearchAction","target":{"@type":"EntryPoint","urlTemplate":"https:\/\/meckelburg-bauelemente.de\/update\/?s={search_term_string}"},"query-input":"required name=search_term_string"}],"inLanguage":"de"},{"@type":"ImageObject","@id":"https:\/\/meckelburg-bauelemente.de\/update\/produkte\/rolltore\/#primaryimage","inLanguage":"de","url":"https:\/\/meckelburg-bauelemente.de\/update\/wp-content\/uploads\/F_8__01__84_821_XS.jpg","contentUrl":"https:\/\/meckelburg-bauelemente.de\/update\/wp-content\/uploads\/F_8__01__84_821_XS.jpg","width":323,"height":371},{"@type":"WebPage","@id":"https:\/\/meckelburg-bauelemente.de\/update\/produkte\/rolltore\/#webpage","url":"https:\/\/meckelburg-bauelemente.de\/update\/produkte\/rolltore\/","name":"Rolltore - meckelburg-bauelemente.de - Haust\u00fcren - Fenster - Rolladen- Rolltore - Insektenschutz - Sicherheitstechnik","isPartOf":{"@id":"https:\/\/meckelburg-bauelemente.de\/update\/#website"},"primaryImageOfPage":{"@id":"https:\/\/meckelburg-bauelemente.de\/update\/produkte\/rolltore\/#primaryimage"},"datePublished":"2014-11-26T06:45:52+00:00","dateModified":"2019-01-15T09:35:48+00:00","description":"Rolltore werden ma\u00dfgefertigt ohne Mehrpreis und von uns professionell und durchdacht installiert und in Betrieb genommen. Ihr Partner f\u00fcr Rolltore und","breadcrumb":{"@id":"https:\/\/meckelburg-bauelemente.de\/update\/produkte\/rolltore\/#breadcrumb"},"inLanguage":"de","potentialAction":[{"@type":"ReadAction","target":["https:\/\/meckelburg-bauelemente.de\/update\/produkte\/rolltore\/"]}]},{"@type":"BreadcrumbList","@id":"https:\/\/meckelburg-bauelemente.de\/update\/produkte\/rolltore\/#breadcrumb","itemListElement":[{"@type":"ListItem","position":1,"name":"Home","item":"https:\/\/meckelburg-bauelemente.de\/update\/"},{"@type":"ListItem","position":2,"name":"Produkte","item":"https:\/\/meckelburg-bauelemente.de\/update\/produkte\/"},{"@type":"ListItem","position":3,"name":"Rolltore"}]}]}},"_links":{"self":[{"href":"https:\/\/meckelburg-bauelemente.de\/update\/wp-json\/wp\/v2\/pages\/23"}],"collection":[{"href":"https:\/\/meckelburg-bauelemente.de\/update\/wp-json\/wp\/v2\/pages"}],"about":[{"href":"https:\/\/meckelburg-bauelemente.de\/update\/wp-json\/wp\/v2\/types\/page"}],"author":[{"embeddable":true,"href":"https:\/\/meckelburg-bauelemente.de\/update\/wp-json\/wp\/v2\/users\/1"}],"replies":[{"embeddable":true,"href":"https:\/\/meckelburg-bauelemente.de\/update\/wp-json\/wp\/v2\/comments?post=23"}],"version-history":[{"count":11,"href":"https:\/\/meckelburg-bauelemente.de\/update\/wp-json\/wp\/v2\/pages\/23\/revisions"}],"predecessor-version":[{"id":421,"href":"https:\/\/meckelburg-bauelemente.de\/update\/wp-json\/wp\/v2\/pages\/23\/revisions\/421"}],"up":[{"embeddable":true,"href":"https:\/\/meckelburg-bauelemente.de\/update\/wp-json\/wp\/v2\/pages\/15"}],"wp:attachment":[{"href":"https:\/\/meckelburg-bauelemente.de\/update\/wp-json\/wp\/v2\/media?parent=23"}],"curies":[{"name":"wp","href":"https:\/\/api.w.org\/{rel}","templated":true}]}}