{"id":17,"date":"2014-11-26T08:44:53","date_gmt":"2014-11-26T06:44:53","guid":{"rendered":"http:\/\/meckelburg-bauelemente.de\/leverkusen\/?page_id=17"},"modified":"2019-10-18T15:38:55","modified_gmt":"2019-10-18T13:38:55","slug":"fenster-aus-kunststoff-aluminium-und-holz","status":"publish","type":"page","link":"https:\/\/meckelburg-bauelemente.de\/update\/produkte\/fenster-aus-kunststoff-aluminium-und-holz\/","title":{"rendered":"Fenster aus Kunststoff, Aluminium und Holz"},"content":{"rendered":"<h3>Kunststoff-Fenster<\/h3>\n<p>Das richtige Profilsystem ist die Grundlage f\u00fcr Qualit\u00e4ts\u2010Kunststoff\u2010Fenster von Reckendrees.<br \/>\nEs tr\u00e4gt entscheidend zur W\u00e4rmed\u00e4mmung, Stabilit\u00e4t und Sicherheit der Elemente bei.<br \/>\nUnser Lieferant Reckendrees verabeitet ausschlie\u00dflich Markenprofile der Firma VEKA.<br \/>\nAlle VEKA\u2010Profile entsprechen der h\u00f6chsten deutschen Qualit\u00e4tsstufe nach EN 12608 (RAL \u2010Klasse A).<\/p>\n<hr \/>\n<p><img loading=\"lazy\" class=\"alignnone size-full wp-image-130\" src=\"https:\/\/meckelburg-bauelemente.de\/update\/wp-content\/uploads\/header_softline-82.png\" alt=\"header_softline-82\" width=\"740\" height=\"203\" srcset=\"https:\/\/meckelburg-bauelemente.de\/update\/wp-content\/uploads\/header_softline-82.png 740w, https:\/\/meckelburg-bauelemente.de\/update\/wp-content\/uploads\/header_softline-82-300x82.png 300w\" sizes=\"(max-width: 740px) 100vw, 740px\" \/><\/p>\n<p>Moderne Kunststofffenster aus dem neuen Profilsystem SOFTLINE 82 werden selbst den h\u00f6chsten<br \/>\nAnspr\u00fcchen gerecht: Dank ihrer innovativen Mehrkammer-Konstruktion in 82 mm Bautiefe und des<br \/>\nhocheffektiven Dichtungssystems optimieren Sie die Energiebilanz eines jeden Geb\u00e4udes und garantieren<br \/>\nein angenehmes Raumklima &#8211; bei jedem Wetter.<\/p>\n<p>Mit Wandst\u00e4rken nach der h\u00f6chsten deutschen Qualit\u00e4tsnorm RAL-Klasse A vereint SOFTLINE 82<br \/>\nherausragende Energiespar-Eigenschaften mit extremer Langlebigkeit und Sicherheit.<br \/>\nMit seinem zeitlosen Design f\u00fcgt es sich harmonisch in jeden Baustil ein, vom modernen Neubau<br \/>\nbis zum liebevoll sanierten Altbau.<\/p>\n<p><strong>Alle Vorteile auf einen Blick<\/strong><\/p>\n<ul>\n<li>82-mm-System mit Mehrkammer-Geometrie &#8211; universell einsetzbar f\u00fcr<br \/>\nNeubau und Renovierung Wanddicke im h\u00f6chsten Qualit\u00e4tsstandard (RAL-Klasse A)<\/li>\n<li>bew\u00e4hrte Stahlarmierungen f\u00fcr Stabilit\u00e4t und leichte Verarbeitung<\/li>\n<li>Elegante, leicht abgerundete Kanten<\/li>\n<li>Hervorragende W\u00e4rmed\u00e4mmung durch innovative Mehrkammer-Geometrie mit<br \/>\nD\u00e4mmwerten von bis zu 0,76 W\/(m\u00b2K) bei Einsatz von Dreifachisolierverglasung<\/li>\n<li>Drei umlaufende Dichtungsebenen mit Mitteldichtung im Blendrahmen<\/li>\n<li>Drei Dichtungsebenen halten L\u00e4rm, K\u00e4lte, Feuchtigkeit und Zugluft ab<\/li>\n<li>Hochwertige Dichtungen in verschiedenen Farben m\u00f6glich<\/li>\n<li>Glaseinstand bis zu 25 mm m\u00f6glich f\u00fcr beste W\u00e4rmebr\u00fcckenreduzierung<\/li>\n<li>Softline 82 AD Profile sind nahezu zu 100% recyclebar<\/li>\n<\/ul>\n<hr \/>\n<h3>\u00a0<img loading=\"lazy\" class=\"alignnone size-full wp-image-142\" src=\"https:\/\/meckelburg-bauelemente.de\/update\/wp-content\/uploads\/header_softline-70AD.png\" alt=\"header_softline-70AD\" width=\"740\" height=\"203\" srcset=\"https:\/\/meckelburg-bauelemente.de\/update\/wp-content\/uploads\/header_softline-70AD.png 740w, https:\/\/meckelburg-bauelemente.de\/update\/wp-content\/uploads\/header_softline-70AD-300x82.png 300w\" sizes=\"(max-width: 740px) 100vw, 740px\" \/><\/h3>\n<p>Dieses System mit seiner beliebten eleganten Form und geringen Ansichtsbreiten stellt den Klassiker<br \/>\nin der Bautiefe 76 mm. Die leicht abgerundeten Kanten erm\u00f6glichen besonders neutrale Optiken<br \/>\nbei fast jeder Einbausituation.<\/p>\n<p>Dieses 5-Kammerprofil erf\u00fcllt mit der entsprechenden Verglasung die hohen gesetzlichen Anforderungen<br \/>\n(ENEV2014). Mit einer Verglasungsst\u00e4rke von 36mm k\u00f6nnen auch zukunftsweisende Anforderungen und<br \/>\nAspekte wie Einbruchschutz und Schallschutz klar mit realisiert werden.<\/p>\n<p>&nbsp;<\/p>\n<hr \/>\n<h3>Farbvielfalt nach Lust und Laune<\/h3>\n<p>Wollen Sie die Optik aus Holz wahren oder mit verschiedenen Uni-Farben klar Akzente setzen?<br \/>\nMit der gro\u00dfen Auswahl von Folien und Farben k\u00f6nnen Sie jedem System ganz individuell<br \/>\nnach Ihrem Geschmack eine pers\u00f6nliche Note verleihen.<\/p>\n<p>Bei der Farbgebung unserer Kunststoffsysteme werden nur Folien h\u00f6chster Qualit\u00e4tsstandards<br \/>\nverwendet, um Ihnen auch hier die vollste Garantie auf Funktion und Dauerhaftigkeit zu bieten.<\/p>\n<p>Hier k\u00f6nnen Sie Beispiele unserer vielen Folienfarben einsehen:<br \/>\n<img loading=\"lazy\" class=\"alignnone wp-image-124 size-full\" src=\"https:\/\/meckelburg-bauelemente.de\/update\/wp-content\/uploads\/farbpalette-rd.jpg\" alt=\"farbpalette-rd\" width=\"704\" height=\"355\" srcset=\"https:\/\/meckelburg-bauelemente.de\/update\/wp-content\/uploads\/farbpalette-rd.jpg 704w, https:\/\/meckelburg-bauelemente.de\/update\/wp-content\/uploads\/farbpalette-rd-300x151.jpg 300w\" sizes=\"(max-width: 704px) 100vw, 704px\" \/><\/p>\n<hr \/>\n<p><strong>W\u00e4rmeschutz<\/strong><\/p>\n<p>Werfen Sie die Energie nicht zum Fenster hinaus!<\/p>\n<p>Um ein bestm\u00f6gliches Einsparpotenzial zu erzielen w\u00e4hlen Sie bitte das f\u00fcr Sie geeignete System aus,<br \/>\nwelches Ihren Anforderungen entspricht.<\/p>\n<p>Es stehen Ihnen folgende Energiespar-Fenstersysteme zur Verf\u00fcgung.<\/p>\n<p>W\u00e4rmeschutz f\u00fcr Softline 82 AD Fenstersysteme<br \/>\nDieses System besitzt einen Uf Wert von 1,0 W\/m\u00b2k und erreicht damit die gesetzlichen<br \/>\nAnforderungen (ENEV2014) auf jeden Fall und kann mittels moderner 3-Fach Verglasungen einen<br \/>\nGesamt Uw Wert von bis zu 0,76 W\/m\u00b2k erreichen.<\/p>\n<p>Damit ist dieses System das beste System f\u00fcr jeden Neubau oder Modernisierung und Sie haben<br \/>\ndamit garantiert f\u00fcr die Zukunft das Maximum an Effizienz mit enthalten.<\/p>\n<p>Mit diesem System und der geringen Bautiefe von 82 mm, k\u00f6nnen Sie jetzt schon f\u00fcr<br \/>\ndie Zukunft planen und ebenfalls klare Akzente in Form und Design geben.<\/p>\n<p>W\u00e4rmeschutz f\u00fcr Softline 76 AD Fenstersysteme<br \/>\nDieses System besitzt einen Uf Wert von 1,2 W\/m\u00b2k und erreicht damit die gesetzlichen<br \/>\nAnforderungen (ENEV2014) auf jeden Fall und kann mittels moderner 3-Fach Verglasungen<br \/>\neinen Gesamt Uw Wert von bis zu 0,77 W\/m\u00b2k erreichen.<\/p>\n<p>Mit der Plattform der Bautiefe 76 mm steht Ihnen hiermit der Klassiker zur Verf\u00fcgung und<br \/>\nsorgt f\u00fcr einen m\u00f6glichen problemlosen Austausch von vorhandenen Systemem in der Sanierung.<\/p>\n<hr \/>\n<p><strong>Schallschutz<\/strong><\/p>\n<p>Lassen Sie die Energie drinnen, aber den L\u00e4rm drau\u00dfen!<\/p>\n<p>Die L\u00e4rmbelastung wie zum Beispiel Verkehrsl\u00e4rm durch Auto, Bahn oder Flugzeugen<br \/>\nnimmt immer\u00a0 stetig zu und kann sogar auch gesundheitsgef\u00e4hrdend werden.<\/p>\n<p>Reagieren Sie auf diese Umwelteinfl\u00fcsse, denn mit unseren Reckendrees Fenstersystemen<br \/>\nund den entsprechenden Verglasungen k\u00f6nnen, bis in die h\u00f6chsten Schallschutzklassen,<br \/>\nFenster und Fenstert\u00fcren f\u00fcr Sie realisiert werden.<\/p>\n<p>Und das nicht nur allein, sondern auch noch in unserer Reckendrees Qualit\u00e4t,<br \/>\ndenn wir machen Gutes noch besser.<\/p>\n<hr \/>\n<p><strong>Reinigung und Pflege<\/strong><\/p>\n<p>Fenster und Haust\u00fcren aus Kunststoffprofilen sind mit Ihrer glatten, hygienischen Oberfl\u00e4che<br \/>\nbesonders pflegeleicht.<\/p>\n<p>Sie lassen sich einfach mit Wasser, mildem handels\u00fcblichem Reiniger und einem<br \/>\nweichen Lappen reinigen. Verzichten Sie auf scharfe Mittel und kratzende Putzschw\u00e4mme.<\/p>\n<p>F\u00fcr st\u00e4rkere Verschmutzungen und zur professionellen Wartung Ihrer Fenster und T\u00fcren gibt<br \/>\nes Pflegesets. Diese beinhalten spezielle Reiniger f\u00fcr Rahmen und Dichtugnen<br \/>\nsowie \u00d6l und Fett f\u00fcr die Beschl\u00e4ge.<\/p>\n<p>Reckendrees-Fenster und -T\u00fcren bed\u00fcrfen grunds\u00e4tzlich keiner aufwendigen Wartung und Pflege.<br \/>\nEs ist jedoch sinnvoll sie von Zeit zu Zeit gr\u00fcndlich mit unserem Spezial-Pflegereiniger zu s\u00e4ubern<br \/>\nund die Oberfl\u00e4che anschlie\u00dfend mit einem Konservierer gegen aggressive Umwelteinfl\u00fcsse zu sch\u00fctzen.<br \/>\nDar\u00fcber hinaus sollten die Dichtungen geschmeidig und die Beschlagteile leicht gangbar gehalten werden.<\/p>\n<p>&nbsp;<\/p>\n<hr \/>\n<p><a href=\"https:\/\/meckelburg-bauelemente.de\/update\/wp-content\/uploads\/Save_Home_Mini_Final_.pdf\" target=\"_blank\" rel=\"noopener noreferrer\"><strong><span style=\"color: #000000;\">Weitere Informationen im PDF Flyer:<\/span><\/strong><\/a><\/p>\n<p><a href=\"https:\/\/meckelburg-bauelemente.de\/update\/wp-content\/uploads\/Save_Home_Mini_Final_.pdf\" target=\"_blank\" rel=\"noopener noreferrer\"><img loading=\"lazy\" class=\"alignnone size-full wp-image-486\" src=\"https:\/\/meckelburg-bauelemente.de\/update\/wp-content\/uploads\/rd.jpg\" alt=\"\" width=\"300\" height=\"243\" \/><\/a><\/p>\n","protected":false},"excerpt":{"rendered":"<p>Kunststoff-Fenster Das richtige Profilsystem ist die Grundlage f\u00fcr Qualit\u00e4ts\u2010Kunststoff\u2010Fenster von Reckendrees. Es tr\u00e4gt entscheidend zur W\u00e4rmed\u00e4mmung, Stabilit\u00e4t und Sicherheit der Elemente bei. Unser Lieferant Reckendrees verabeitet ausschlie\u00dflich Markenprofile der Firma VEKA. Alle VEKA\u2010Profile entsprechen der h\u00f6chsten deutschen Qualit\u00e4tsstufe nach EN &hellip; <a class=\"kt-excerpt-readmore\" href=\"https:\/\/meckelburg-bauelemente.de\/update\/produkte\/fenster-aus-kunststoff-aluminium-und-holz\/\" aria-label=\"Fenster aus Kunststoff, Aluminium und Holz\">Weiterlesen<\/a><\/p>\n","protected":false},"author":1,"featured_media":0,"parent":15,"menu_order":1,"comment_status":"closed","ping_status":"closed","template":"page-fullwidth.php","meta":[],"yoast_head":"<!-- This site is optimized with the Yoast SEO plugin v17.8 - https:\/\/yoast.com\/wordpress\/plugins\/seo\/ -->\n<title>Fenster aus Kunststoff, Aluminium und Holz - meckelburg-bauelemente.de - Haust\u00fcren - Fenster - Rolladen- Rolltore - Insektenschutz - Sicherheitstechnik<\/title>\n<meta name=\"description\" content=\"Fenster aus Kunststoff, Aluminium und Holz - Meckelburg Baulemente in Leverkusen ist Ihr Partner f\u00fcr die Montage, die Reparatur und die Wartung\" \/>\n<meta name=\"robots\" content=\"index, follow, max-snippet:-1, max-image-preview:large, max-video-preview:-1\" \/>\n<link rel=\"canonical\" href=\"https:\/\/meckelburg-bauelemente.de\/update\/produkte\/fenster-aus-kunststoff-aluminium-und-holz\/\" \/>\n<meta property=\"og:locale\" content=\"de_DE\" \/>\n<meta property=\"og:type\" content=\"article\" \/>\n<meta property=\"og:title\" content=\"Fenster aus Kunststoff, Aluminium und Holz - meckelburg-bauelemente.de - Haust\u00fcren - Fenster - Rolladen- Rolltore - Insektenschutz - Sicherheitstechnik\" \/>\n<meta property=\"og:description\" content=\"Fenster aus Kunststoff, Aluminium und Holz - Meckelburg Baulemente in Leverkusen ist Ihr Partner f\u00fcr die Montage, die Reparatur und die Wartung\" \/>\n<meta property=\"og:url\" content=\"https:\/\/meckelburg-bauelemente.de\/update\/produkte\/fenster-aus-kunststoff-aluminium-und-holz\/\" \/>\n<meta property=\"og:site_name\" content=\"meckelburg-bauelemente.de - Haust\u00fcren - Fenster - Rolladen- Rolltore - Insektenschutz - Sicherheitstechnik\" \/>\n<meta property=\"article:modified_time\" content=\"2019-10-18T13:38:55+00:00\" \/>\n<meta property=\"og:image\" content=\"https:\/\/meckelburg-bauelemente.de\/update\/wp-content\/uploads\/header_softline-82.png\" \/>\n<meta name=\"twitter:card\" content=\"summary\" \/>\n<meta name=\"twitter:label1\" content=\"Gesch\u00e4tzte Lesezeit\" \/>\n\t<meta name=\"twitter:data1\" content=\"4\u00a0Minuten\" \/>\n<script type=\"application\/ld+json\" class=\"yoast-schema-graph\">{\"@context\":\"https:\/\/schema.org\",\"@graph\":[{\"@type\":\"WebSite\",\"@id\":\"https:\/\/meckelburg-bauelemente.de\/update\/#website\",\"url\":\"https:\/\/meckelburg-bauelemente.de\/update\/\",\"name\":\"meckelburg-bauelemente.de - Haust\\u00fcren - Fenster - Rolladen- Rolltore - Insektenschutz - Sicherheitstechnik\",\"description\":\"Montage - Wartung - Reparatur - Beratung - Installation\",\"potentialAction\":[{\"@type\":\"SearchAction\",\"target\":{\"@type\":\"EntryPoint\",\"urlTemplate\":\"https:\/\/meckelburg-bauelemente.de\/update\/?s={search_term_string}\"},\"query-input\":\"required name=search_term_string\"}],\"inLanguage\":\"de\"},{\"@type\":\"ImageObject\",\"@id\":\"https:\/\/meckelburg-bauelemente.de\/update\/produkte\/fenster-aus-kunststoff-aluminium-und-holz\/#primaryimage\",\"inLanguage\":\"de\",\"url\":\"https:\/\/meckelburg-bauelemente.de\/update\/wp-content\/uploads\/header_softline-82.png\",\"contentUrl\":\"https:\/\/meckelburg-bauelemente.de\/update\/wp-content\/uploads\/header_softline-82.png\",\"width\":740,\"height\":203},{\"@type\":\"WebPage\",\"@id\":\"https:\/\/meckelburg-bauelemente.de\/update\/produkte\/fenster-aus-kunststoff-aluminium-und-holz\/#webpage\",\"url\":\"https:\/\/meckelburg-bauelemente.de\/update\/produkte\/fenster-aus-kunststoff-aluminium-und-holz\/\",\"name\":\"Fenster aus Kunststoff, Aluminium und Holz - meckelburg-bauelemente.de - Haust\\u00fcren - Fenster - Rolladen- Rolltore - Insektenschutz - Sicherheitstechnik\",\"isPartOf\":{\"@id\":\"https:\/\/meckelburg-bauelemente.de\/update\/#website\"},\"primaryImageOfPage\":{\"@id\":\"https:\/\/meckelburg-bauelemente.de\/update\/produkte\/fenster-aus-kunststoff-aluminium-und-holz\/#primaryimage\"},\"datePublished\":\"2014-11-26T06:44:53+00:00\",\"dateModified\":\"2019-10-18T13:38:55+00:00\",\"description\":\"Fenster aus Kunststoff, Aluminium und Holz - Meckelburg Baulemente in Leverkusen ist Ihr Partner f\\u00fcr die Montage, die Reparatur und die Wartung\",\"breadcrumb\":{\"@id\":\"https:\/\/meckelburg-bauelemente.de\/update\/produkte\/fenster-aus-kunststoff-aluminium-und-holz\/#breadcrumb\"},\"inLanguage\":\"de\",\"potentialAction\":[{\"@type\":\"ReadAction\",\"target\":[\"https:\/\/meckelburg-bauelemente.de\/update\/produkte\/fenster-aus-kunststoff-aluminium-und-holz\/\"]}]},{\"@type\":\"BreadcrumbList\",\"@id\":\"https:\/\/meckelburg-bauelemente.de\/update\/produkte\/fenster-aus-kunststoff-aluminium-und-holz\/#breadcrumb\",\"itemListElement\":[{\"@type\":\"ListItem\",\"position\":1,\"name\":\"Home\",\"item\":\"https:\/\/meckelburg-bauelemente.de\/update\/\"},{\"@type\":\"ListItem\",\"position\":2,\"name\":\"Produkte\",\"item\":\"https:\/\/meckelburg-bauelemente.de\/update\/produkte\/\"},{\"@type\":\"ListItem\",\"position\":3,\"name\":\"Fenster aus Kunststoff, Aluminium und Holz\"}]}]}<\/script>\n<!-- \/ Yoast SEO plugin. -->","yoast_head_json":{"title":"Fenster aus Kunststoff, Aluminium und Holz - meckelburg-bauelemente.de - Haust\u00fcren - Fenster - Rolladen- Rolltore - Insektenschutz - Sicherheitstechnik","description":"Fenster aus Kunststoff, Aluminium und Holz - Meckelburg Baulemente in Leverkusen ist Ihr Partner f\u00fcr die Montage, die Reparatur und die Wartung","robots":{"index":"index","follow":"follow","max-snippet":"max-snippet:-1","max-image-preview":"max-image-preview:large","max-video-preview":"max-video-preview:-1"},"canonical":"https:\/\/meckelburg-bauelemente.de\/update\/produkte\/fenster-aus-kunststoff-aluminium-und-holz\/","og_locale":"de_DE","og_type":"article","og_title":"Fenster aus Kunststoff, Aluminium und Holz - meckelburg-bauelemente.de - Haust\u00fcren - Fenster - Rolladen- Rolltore - Insektenschutz - Sicherheitstechnik","og_description":"Fenster aus Kunststoff, Aluminium und Holz - Meckelburg Baulemente in Leverkusen ist Ihr Partner f\u00fcr die Montage, die Reparatur und die Wartung","og_url":"https:\/\/meckelburg-bauelemente.de\/update\/produkte\/fenster-aus-kunststoff-aluminium-und-holz\/","og_site_name":"meckelburg-bauelemente.de - Haust\u00fcren - Fenster - Rolladen- Rolltore - Insektenschutz - Sicherheitstechnik","article_modified_time":"2019-10-18T13:38:55+00:00","og_image":[{"url":"https:\/\/meckelburg-bauelemente.de\/update\/wp-content\/uploads\/header_softline-82.png"}],"twitter_card":"summary","twitter_misc":{"Gesch\u00e4tzte Lesezeit":"4\u00a0Minuten"},"schema":{"@context":"https:\/\/schema.org","@graph":[{"@type":"WebSite","@id":"https:\/\/meckelburg-bauelemente.de\/update\/#website","url":"https:\/\/meckelburg-bauelemente.de\/update\/","name":"meckelburg-bauelemente.de - Haust\u00fcren - Fenster - Rolladen- Rolltore - Insektenschutz - Sicherheitstechnik","description":"Montage - Wartung - Reparatur - Beratung - Installation","potentialAction":[{"@type":"SearchAction","target":{"@type":"EntryPoint","urlTemplate":"https:\/\/meckelburg-bauelemente.de\/update\/?s={search_term_string}"},"query-input":"required name=search_term_string"}],"inLanguage":"de"},{"@type":"ImageObject","@id":"https:\/\/meckelburg-bauelemente.de\/update\/produkte\/fenster-aus-kunststoff-aluminium-und-holz\/#primaryimage","inLanguage":"de","url":"https:\/\/meckelburg-bauelemente.de\/update\/wp-content\/uploads\/header_softline-82.png","contentUrl":"https:\/\/meckelburg-bauelemente.de\/update\/wp-content\/uploads\/header_softline-82.png","width":740,"height":203},{"@type":"WebPage","@id":"https:\/\/meckelburg-bauelemente.de\/update\/produkte\/fenster-aus-kunststoff-aluminium-und-holz\/#webpage","url":"https:\/\/meckelburg-bauelemente.de\/update\/produkte\/fenster-aus-kunststoff-aluminium-und-holz\/","name":"Fenster aus Kunststoff, Aluminium und Holz - meckelburg-bauelemente.de - Haust\u00fcren - Fenster - Rolladen- Rolltore - Insektenschutz - Sicherheitstechnik","isPartOf":{"@id":"https:\/\/meckelburg-bauelemente.de\/update\/#website"},"primaryImageOfPage":{"@id":"https:\/\/meckelburg-bauelemente.de\/update\/produkte\/fenster-aus-kunststoff-aluminium-und-holz\/#primaryimage"},"datePublished":"2014-11-26T06:44:53+00:00","dateModified":"2019-10-18T13:38:55+00:00","description":"Fenster aus Kunststoff, Aluminium und Holz - Meckelburg Baulemente in Leverkusen ist Ihr Partner f\u00fcr die Montage, die Reparatur und die Wartung","breadcrumb":{"@id":"https:\/\/meckelburg-bauelemente.de\/update\/produkte\/fenster-aus-kunststoff-aluminium-und-holz\/#breadcrumb"},"inLanguage":"de","potentialAction":[{"@type":"ReadAction","target":["https:\/\/meckelburg-bauelemente.de\/update\/produkte\/fenster-aus-kunststoff-aluminium-und-holz\/"]}]},{"@type":"BreadcrumbList","@id":"https:\/\/meckelburg-bauelemente.de\/update\/produkte\/fenster-aus-kunststoff-aluminium-und-holz\/#breadcrumb","itemListElement":[{"@type":"ListItem","position":1,"name":"Home","item":"https:\/\/meckelburg-bauelemente.de\/update\/"},{"@type":"ListItem","position":2,"name":"Produkte","item":"https:\/\/meckelburg-bauelemente.de\/update\/produkte\/"},{"@type":"ListItem","position":3,"name":"Fenster aus Kunststoff, Aluminium und Holz"}]}]}},"_links":{"self":[{"href":"https:\/\/meckelburg-bauelemente.de\/update\/wp-json\/wp\/v2\/pages\/17"}],"collection":[{"href":"https:\/\/meckelburg-bauelemente.de\/update\/wp-json\/wp\/v2\/pages"}],"about":[{"href":"https:\/\/meckelburg-bauelemente.de\/update\/wp-json\/wp\/v2\/types\/page"}],"author":[{"embeddable":true,"href":"https:\/\/meckelburg-bauelemente.de\/update\/wp-json\/wp\/v2\/users\/1"}],"replies":[{"embeddable":true,"href":"https:\/\/meckelburg-bauelemente.de\/update\/wp-json\/wp\/v2\/comments?post=17"}],"version-history":[{"count":23,"href":"https:\/\/meckelburg-bauelemente.de\/update\/wp-json\/wp\/v2\/pages\/17\/revisions"}],"predecessor-version":[{"id":501,"href":"https:\/\/meckelburg-bauelemente.de\/update\/wp-json\/wp\/v2\/pages\/17\/revisions\/501"}],"up":[{"embeddable":true,"href":"https:\/\/meckelburg-bauelemente.de\/update\/wp-json\/wp\/v2\/pages\/15"}],"wp:attachment":[{"href":"https:\/\/meckelburg-bauelemente.de\/update\/wp-json\/wp\/v2\/media?parent=17"}],"curies":[{"name":"wp","href":"https:\/\/api.w.org\/{rel}","templated":true}]}}