{"id":155,"date":"2015-03-20T11:08:58","date_gmt":"2015-03-20T09:08:58","guid":{"rendered":"http:\/\/meckelburg-bauelemente.de\/leverkusen\/?page_id=155"},"modified":"2019-10-18T16:10:04","modified_gmt":"2019-10-18T14:10:04","slug":"haustueren-planer-konfigurator","status":"publish","type":"page","link":"https:\/\/meckelburg-bauelemente.de\/update\/produkte\/haustueren-planer-konfigurator\/","title":{"rendered":"Haust\u00fcren Planer \/ Konfigurator"},"content":{"rendered":"<p>Schritt f\u00fcr Schritt zu Ihrer Traum-Haust\u00fcr:<br \/>\nSpielen Sie mit Farbe, Material und Design.<\/p>\n<p>W\u00e4hlen Sie einen unserer Haust\u00fcrkonfiguratoren und<br \/>\nfinden Sie Ihre pers\u00f6nliche Wunscht\u00fcr.<\/p>\n<h3><a href=\"http:\/\/www.reckendrees-bauelemente.de\/tueren\/haustuerkonfigurator\/\" target=\"_blank\" rel=\"noopener noreferrer\"><span style=\"color: #000000;\">Hier direkt zum Konfigurator<\/span><\/a><\/h3>\n","protected":false},"excerpt":{"rendered":"<p>Schritt f\u00fcr Schritt zu Ihrer Traum-Haust\u00fcr: Spielen Sie mit Farbe, Material und Design. W\u00e4hlen Sie einen unserer Haust\u00fcrkonfiguratoren und finden Sie Ihre pers\u00f6nliche Wunscht\u00fcr. Hier direkt zum Konfigurator<\/p>\n","protected":false},"author":1,"featured_media":0,"parent":15,"menu_order":3,"comment_status":"closed","ping_status":"closed","template":"page-fullwidth.php","meta":[],"yoast_head":"<!-- This site is optimized with the Yoast SEO plugin v17.8 - https:\/\/yoast.com\/wordpress\/plugins\/seo\/ -->\n<title>Haust\u00fcren Planer \/ Konfigurator - meckelburg-bauelemente.de - Haust\u00fcren - Fenster - Rolladen- Rolltore - Insektenschutz - Sicherheitstechnik<\/title>\n<meta name=\"robots\" content=\"index, follow, max-snippet:-1, max-image-preview:large, max-video-preview:-1\" \/>\n<link rel=\"canonical\" href=\"https:\/\/meckelburg-bauelemente.de\/update\/produkte\/haustueren-planer-konfigurator\/\" \/>\n<meta property=\"og:locale\" content=\"de_DE\" \/>\n<meta property=\"og:type\" content=\"article\" \/>\n<meta property=\"og:title\" content=\"Haust\u00fcren Planer \/ Konfigurator - meckelburg-bauelemente.de - Haust\u00fcren - Fenster - Rolladen- Rolltore - Insektenschutz - Sicherheitstechnik\" \/>\n<meta property=\"og:description\" content=\"Schritt f\u00fcr Schritt zu Ihrer Traum-Haust\u00fcr: Spielen Sie mit Farbe, Material und Design. W\u00e4hlen Sie einen unserer Haust\u00fcrkonfiguratoren und finden Sie Ihre pers\u00f6nliche Wunscht\u00fcr. Hier direkt zum Konfigurator\" \/>\n<meta property=\"og:url\" content=\"https:\/\/meckelburg-bauelemente.de\/update\/produkte\/haustueren-planer-konfigurator\/\" \/>\n<meta property=\"og:site_name\" content=\"meckelburg-bauelemente.de - Haust\u00fcren - Fenster - Rolladen- Rolltore - Insektenschutz - Sicherheitstechnik\" \/>\n<meta property=\"article:modified_time\" content=\"2019-10-18T14:10:04+00:00\" \/>\n<meta name=\"twitter:card\" content=\"summary\" \/>\n<script type=\"application\/ld+json\" class=\"yoast-schema-graph\">{\"@context\":\"https:\/\/schema.org\",\"@graph\":[{\"@type\":\"WebSite\",\"@id\":\"https:\/\/meckelburg-bauelemente.de\/update\/#website\",\"url\":\"https:\/\/meckelburg-bauelemente.de\/update\/\",\"name\":\"meckelburg-bauelemente.de - Haust\\u00fcren - Fenster - Rolladen- Rolltore - Insektenschutz - Sicherheitstechnik\",\"description\":\"Montage - Wartung - Reparatur - Beratung - Installation\",\"potentialAction\":[{\"@type\":\"SearchAction\",\"target\":{\"@type\":\"EntryPoint\",\"urlTemplate\":\"https:\/\/meckelburg-bauelemente.de\/update\/?s={search_term_string}\"},\"query-input\":\"required name=search_term_string\"}],\"inLanguage\":\"de\"},{\"@type\":\"WebPage\",\"@id\":\"https:\/\/meckelburg-bauelemente.de\/update\/produkte\/haustueren-planer-konfigurator\/#webpage\",\"url\":\"https:\/\/meckelburg-bauelemente.de\/update\/produkte\/haustueren-planer-konfigurator\/\",\"name\":\"Haust\\u00fcren Planer \/ Konfigurator - meckelburg-bauelemente.de - Haust\\u00fcren - Fenster - Rolladen- Rolltore - Insektenschutz - Sicherheitstechnik\",\"isPartOf\":{\"@id\":\"https:\/\/meckelburg-bauelemente.de\/update\/#website\"},\"datePublished\":\"2015-03-20T09:08:58+00:00\",\"dateModified\":\"2019-10-18T14:10:04+00:00\",\"breadcrumb\":{\"@id\":\"https:\/\/meckelburg-bauelemente.de\/update\/produkte\/haustueren-planer-konfigurator\/#breadcrumb\"},\"inLanguage\":\"de\",\"potentialAction\":[{\"@type\":\"ReadAction\",\"target\":[\"https:\/\/meckelburg-bauelemente.de\/update\/produkte\/haustueren-planer-konfigurator\/\"]}]},{\"@type\":\"BreadcrumbList\",\"@id\":\"https:\/\/meckelburg-bauelemente.de\/update\/produkte\/haustueren-planer-konfigurator\/#breadcrumb\",\"itemListElement\":[{\"@type\":\"ListItem\",\"position\":1,\"name\":\"Home\",\"item\":\"https:\/\/meckelburg-bauelemente.de\/update\/\"},{\"@type\":\"ListItem\",\"position\":2,\"name\":\"Produkte\",\"item\":\"https:\/\/meckelburg-bauelemente.de\/update\/produkte\/\"},{\"@type\":\"ListItem\",\"position\":3,\"name\":\"Haust\\u00fcren Planer \/ Konfigurator\"}]}]}<\/script>\n<!-- \/ Yoast SEO plugin. -->","yoast_head_json":{"title":"Haust\u00fcren Planer \/ Konfigurator - meckelburg-bauelemente.de - Haust\u00fcren - Fenster - Rolladen- Rolltore - Insektenschutz - Sicherheitstechnik","robots":{"index":"index","follow":"follow","max-snippet":"max-snippet:-1","max-image-preview":"max-image-preview:large","max-video-preview":"max-video-preview:-1"},"canonical":"https:\/\/meckelburg-bauelemente.de\/update\/produkte\/haustueren-planer-konfigurator\/","og_locale":"de_DE","og_type":"article","og_title":"Haust\u00fcren Planer \/ Konfigurator - meckelburg-bauelemente.de - Haust\u00fcren - Fenster - Rolladen- Rolltore - Insektenschutz - Sicherheitstechnik","og_description":"Schritt f\u00fcr Schritt zu Ihrer Traum-Haust\u00fcr: Spielen Sie mit Farbe, Material und Design. W\u00e4hlen Sie einen unserer Haust\u00fcrkonfiguratoren und finden Sie Ihre pers\u00f6nliche Wunscht\u00fcr. Hier direkt zum Konfigurator","og_url":"https:\/\/meckelburg-bauelemente.de\/update\/produkte\/haustueren-planer-konfigurator\/","og_site_name":"meckelburg-bauelemente.de - Haust\u00fcren - Fenster - Rolladen- Rolltore - Insektenschutz - Sicherheitstechnik","article_modified_time":"2019-10-18T14:10:04+00:00","twitter_card":"summary","schema":{"@context":"https:\/\/schema.org","@graph":[{"@type":"WebSite","@id":"https:\/\/meckelburg-bauelemente.de\/update\/#website","url":"https:\/\/meckelburg-bauelemente.de\/update\/","name":"meckelburg-bauelemente.de - Haust\u00fcren - Fenster - Rolladen- Rolltore - Insektenschutz - Sicherheitstechnik","description":"Montage - Wartung - Reparatur - Beratung - Installation","potentialAction":[{"@type":"SearchAction","target":{"@type":"EntryPoint","urlTemplate":"https:\/\/meckelburg-bauelemente.de\/update\/?s={search_term_string}"},"query-input":"required name=search_term_string"}],"inLanguage":"de"},{"@type":"WebPage","@id":"https:\/\/meckelburg-bauelemente.de\/update\/produkte\/haustueren-planer-konfigurator\/#webpage","url":"https:\/\/meckelburg-bauelemente.de\/update\/produkte\/haustueren-planer-konfigurator\/","name":"Haust\u00fcren Planer \/ Konfigurator - meckelburg-bauelemente.de - Haust\u00fcren - Fenster - Rolladen- Rolltore - Insektenschutz - Sicherheitstechnik","isPartOf":{"@id":"https:\/\/meckelburg-bauelemente.de\/update\/#website"},"datePublished":"2015-03-20T09:08:58+00:00","dateModified":"2019-10-18T14:10:04+00:00","breadcrumb":{"@id":"https:\/\/meckelburg-bauelemente.de\/update\/produkte\/haustueren-planer-konfigurator\/#breadcrumb"},"inLanguage":"de","potentialAction":[{"@type":"ReadAction","target":["https:\/\/meckelburg-bauelemente.de\/update\/produkte\/haustueren-planer-konfigurator\/"]}]},{"@type":"BreadcrumbList","@id":"https:\/\/meckelburg-bauelemente.de\/update\/produkte\/haustueren-planer-konfigurator\/#breadcrumb","itemListElement":[{"@type":"ListItem","position":1,"name":"Home","item":"https:\/\/meckelburg-bauelemente.de\/update\/"},{"@type":"ListItem","position":2,"name":"Produkte","item":"https:\/\/meckelburg-bauelemente.de\/update\/produkte\/"},{"@type":"ListItem","position":3,"name":"Haust\u00fcren Planer \/ Konfigurator"}]}]}},"_links":{"self":[{"href":"https:\/\/meckelburg-bauelemente.de\/update\/wp-json\/wp\/v2\/pages\/155"}],"collection":[{"href":"https:\/\/meckelburg-bauelemente.de\/update\/wp-json\/wp\/v2\/pages"}],"about":[{"href":"https:\/\/meckelburg-bauelemente.de\/update\/wp-json\/wp\/v2\/types\/page"}],"author":[{"embeddable":true,"href":"https:\/\/meckelburg-bauelemente.de\/update\/wp-json\/wp\/v2\/users\/1"}],"replies":[{"embeddable":true,"href":"https:\/\/meckelburg-bauelemente.de\/update\/wp-json\/wp\/v2\/comments?post=155"}],"version-history":[{"count":6,"href":"https:\/\/meckelburg-bauelemente.de\/update\/wp-json\/wp\/v2\/pages\/155\/revisions"}],"predecessor-version":[{"id":502,"href":"https:\/\/meckelburg-bauelemente.de\/update\/wp-json\/wp\/v2\/pages\/155\/revisions\/502"}],"up":[{"embeddable":true,"href":"https:\/\/meckelburg-bauelemente.de\/update\/wp-json\/wp\/v2\/pages\/15"}],"wp:attachment":[{"href":"https:\/\/meckelburg-bauelemente.de\/update\/wp-json\/wp\/v2\/media?parent=155"}],"curies":[{"name":"wp","href":"https:\/\/api.w.org\/{rel}","templated":true}]}}