{"id":15,"date":"2014-11-26T08:44:30","date_gmt":"2014-11-26T06:44:30","guid":{"rendered":"http:\/\/meckelburg-bauelemente.de\/leverkusen\/?page_id=15"},"modified":"2015-04-22T09:17:29","modified_gmt":"2015-04-22T07:17:29","slug":"produkte","status":"publish","type":"page","link":"https:\/\/meckelburg-bauelemente.de\/update\/produkte\/","title":{"rendered":"Produkte"},"content":{"rendered":"<table border=\"0\" width=\"800\" cellspacing=\"7\" cellpadding=\"7\">\n<tbody>\n<tr>\n<td>\n<figure id=\"attachment_279\" class=\"thumbnail wp-caption aligncenter\" style=\"width: 250px\"><a title=\"Fenster aus Kunststoff, Aluminium und Holz\" href=\"http:\/\/meckelburg-bauelemente.de\/update\/produkte\/fenster-aus-kunststoff-aluminium-und-holz\/\"><img loading=\"lazy\" class=\"wp-image-279 size-full\" src=\"https:\/\/meckelburg-bauelemente.de\/update\/wp-content\/uploads\/fenster.jpg\" alt=\"\" width=\"250\" height=\"170\" \/><\/a><figcaption class=\"caption wp-caption-text\">Fenster<\/figcaption><\/figure><\/td>\n<td>\n<figure id=\"attachment_280\" class=\"thumbnail wp-caption alignnone\" style=\"width: 250px\"><a title=\"Haust\u00fcren aus Kunststoff, Aluminium und Holz\" href=\"http:\/\/meckelburg-bauelemente.de\/update\/produkte\/haustueren-aus-kunststoff-aluminium-und-holz\/\"><img loading=\"lazy\" class=\"wp-image-280 size-full\" src=\"https:\/\/meckelburg-bauelemente.de\/update\/wp-content\/uploads\/haustueren.jpg\" alt=\"\" width=\"250\" height=\"170\" \/><\/a><figcaption class=\"caption wp-caption-text\">Haust\u00fcren<\/figcaption><\/figure><\/td>\n<td>\n<figure id=\"attachment_278\" class=\"thumbnail wp-caption alignnone\" style=\"width: 250px\"><a href=\"http:\/\/meckelburg-bauelemente.de\/update\/produkte\/haustueren-planer-konfigurator\/\"><img loading=\"lazy\" class=\"wp-image-278 size-full\" src=\"https:\/\/meckelburg-bauelemente.de\/update\/wp-content\/uploads\/planer.jpg\" alt=\"\" width=\"250\" height=\"170\" \/><\/a><figcaption class=\"caption wp-caption-text\">Haust\u00fcren Konfigurator und Planer<\/figcaption><\/figure><\/td>\n<\/tr>\n<tr>\n<td>\n<figure id=\"attachment_277\" class=\"thumbnail wp-caption alignleft\" style=\"width: 250px\"><a title=\"Rolll\u00e4den\" href=\"http:\/\/meckelburg-bauelemente.de\/update\/produkte\/rolllaeden\/\"><img loading=\"lazy\" class=\"wp-image-277 size-full\" src=\"https:\/\/meckelburg-bauelemente.de\/update\/wp-content\/uploads\/rolllaeden.jpg\" alt=\"rolllaeden\" width=\"250\" height=\"170\" \/><\/a><figcaption class=\"caption wp-caption-text\">Rolll\u00e4den<\/figcaption><\/figure><\/td>\n<td>\n<figure id=\"attachment_276\" class=\"thumbnail wp-caption alignleft\" style=\"width: 250px\"><a title=\"Hebeschiebet\u00fcren\" href=\"http:\/\/meckelburg-bauelemente.de\/update\/produkte\/hebeschiebetueren\/\"><img loading=\"lazy\" class=\"wp-image-276 size-full\" src=\"https:\/\/meckelburg-bauelemente.de\/update\/wp-content\/uploads\/hebeschiebetueren.jpg\" alt=\"\" width=\"250\" height=\"170\" \/><\/a><figcaption class=\"caption wp-caption-text\">Hebeschiebet\u00fcren<\/figcaption><\/figure><\/td>\n<td>\n<figure id=\"attachment_275\" class=\"thumbnail wp-caption alignleft\" style=\"width: 250px\"><a title=\"Insektenschutz\" href=\"http:\/\/meckelburg-bauelemente.de\/update\/produkte\/insektenschutz\/\"><img loading=\"lazy\" class=\"wp-image-275 size-full\" src=\"https:\/\/meckelburg-bauelemente.de\/update\/wp-content\/uploads\/insektenschutz.jpg\" alt=\"\" width=\"250\" height=\"170\" \/><\/a><figcaption class=\"caption wp-caption-text\">Insektenschutz<\/figcaption><\/figure><\/td>\n<\/tr>\n<tr>\n<td>\n<figure id=\"attachment_274\" class=\"thumbnail wp-caption alignleft\" style=\"width: 250px\"><a title=\"Rolltore und Sektionaltore\" href=\"http:\/\/meckelburg-bauelemente.de\/update\/produkte\/rolltore-und-sektionaltore\/\"><img loading=\"lazy\" class=\"wp-image-274 size-full\" src=\"https:\/\/meckelburg-bauelemente.de\/update\/wp-content\/uploads\/tore.jpg\" alt=\"\" width=\"250\" height=\"170\" \/><\/a><figcaption class=\"caption wp-caption-text\">Rolltore<\/figcaption><\/figure><\/td>\n<td>\n<figure id=\"attachment_273\" class=\"thumbnail wp-caption alignleft\" style=\"width: 250px\"><a title=\"Sicherheitstechnik\" href=\"http:\/\/meckelburg-bauelemente.de\/update\/produkte\/sicherheitstechnik\/\"><img loading=\"lazy\" class=\"wp-image-273 size-full\" src=\"https:\/\/meckelburg-bauelemente.de\/update\/wp-content\/uploads\/sicherheit.jpg\" alt=\"\" width=\"250\" height=\"170\" \/><\/a><figcaption class=\"caption wp-caption-text\">Sicherheitstechnik<\/figcaption><\/figure><\/td>\n<td><\/td>\n<\/tr>\n<\/tbody>\n<\/table>\n<p style=\"text-align: center;\">\n","protected":false},"excerpt":{"rendered":"","protected":false},"author":1,"featured_media":0,"parent":0,"menu_order":3,"comment_status":"closed","ping_status":"closed","template":"","meta":[],"yoast_head":"<!-- This site is optimized with the Yoast SEO plugin v17.8 - https:\/\/yoast.com\/wordpress\/plugins\/seo\/ -->\n<title>Produkte - meckelburg-bauelemente.de - Haust\u00fcren - Fenster - Rolladen- Rolltore - Insektenschutz - Sicherheitstechnik<\/title>\n<meta name=\"description\" content=\"Unsere Produkte: Fenster Haust\u00fcren Haust\u00fcren Konfigurator und Planer Rolll\u00e4den Hebeschiebet\u00fcren Insektenschutz Rolltore Sicherheitstechnik\" \/>\n<meta name=\"robots\" content=\"index, follow, max-snippet:-1, max-image-preview:large, max-video-preview:-1\" \/>\n<link rel=\"canonical\" href=\"https:\/\/meckelburg-bauelemente.de\/update\/produkte\/\" \/>\n<meta property=\"og:locale\" content=\"de_DE\" \/>\n<meta property=\"og:type\" content=\"article\" \/>\n<meta property=\"og:title\" content=\"Produkte - meckelburg-bauelemente.de - Haust\u00fcren - Fenster - Rolladen- Rolltore - Insektenschutz - Sicherheitstechnik\" \/>\n<meta property=\"og:description\" content=\"Unsere Produkte: Fenster Haust\u00fcren Haust\u00fcren Konfigurator und Planer Rolll\u00e4den Hebeschiebet\u00fcren Insektenschutz Rolltore Sicherheitstechnik\" \/>\n<meta property=\"og:url\" content=\"https:\/\/meckelburg-bauelemente.de\/update\/produkte\/\" \/>\n<meta property=\"og:site_name\" content=\"meckelburg-bauelemente.de - Haust\u00fcren - Fenster - Rolladen- Rolltore - Insektenschutz - Sicherheitstechnik\" \/>\n<meta property=\"article:modified_time\" content=\"2015-04-22T07:17:29+00:00\" \/>\n<meta property=\"og:image\" content=\"https:\/\/meckelburg-bauelemente.de\/update\/wp-content\/uploads\/fenster.jpg\" \/>\n<meta name=\"twitter:card\" content=\"summary\" \/>\n<script type=\"application\/ld+json\" class=\"yoast-schema-graph\">{\"@context\":\"https:\/\/schema.org\",\"@graph\":[{\"@type\":\"WebSite\",\"@id\":\"https:\/\/meckelburg-bauelemente.de\/update\/#website\",\"url\":\"https:\/\/meckelburg-bauelemente.de\/update\/\",\"name\":\"meckelburg-bauelemente.de - Haust\\u00fcren - Fenster - Rolladen- Rolltore - Insektenschutz - Sicherheitstechnik\",\"description\":\"Montage - Wartung - Reparatur - Beratung - Installation\",\"potentialAction\":[{\"@type\":\"SearchAction\",\"target\":{\"@type\":\"EntryPoint\",\"urlTemplate\":\"https:\/\/meckelburg-bauelemente.de\/update\/?s={search_term_string}\"},\"query-input\":\"required name=search_term_string\"}],\"inLanguage\":\"de\"},{\"@type\":\"ImageObject\",\"@id\":\"https:\/\/meckelburg-bauelemente.de\/update\/produkte\/#primaryimage\",\"inLanguage\":\"de\",\"url\":\"https:\/\/meckelburg-bauelemente.de\/update\/wp-content\/uploads\/fenster.jpg\",\"contentUrl\":\"https:\/\/meckelburg-bauelemente.de\/update\/wp-content\/uploads\/fenster.jpg\",\"width\":250,\"height\":174},{\"@type\":\"WebPage\",\"@id\":\"https:\/\/meckelburg-bauelemente.de\/update\/produkte\/#webpage\",\"url\":\"https:\/\/meckelburg-bauelemente.de\/update\/produkte\/\",\"name\":\"Produkte - meckelburg-bauelemente.de - Haust\\u00fcren - Fenster - Rolladen- Rolltore - Insektenschutz - Sicherheitstechnik\",\"isPartOf\":{\"@id\":\"https:\/\/meckelburg-bauelemente.de\/update\/#website\"},\"primaryImageOfPage\":{\"@id\":\"https:\/\/meckelburg-bauelemente.de\/update\/produkte\/#primaryimage\"},\"datePublished\":\"2014-11-26T06:44:30+00:00\",\"dateModified\":\"2015-04-22T07:17:29+00:00\",\"description\":\"Unsere Produkte: Fenster Haust\\u00fcren Haust\\u00fcren Konfigurator und Planer Rolll\\u00e4den Hebeschiebet\\u00fcren Insektenschutz Rolltore Sicherheitstechnik\",\"breadcrumb\":{\"@id\":\"https:\/\/meckelburg-bauelemente.de\/update\/produkte\/#breadcrumb\"},\"inLanguage\":\"de\",\"potentialAction\":[{\"@type\":\"ReadAction\",\"target\":[\"https:\/\/meckelburg-bauelemente.de\/update\/produkte\/\"]}]},{\"@type\":\"BreadcrumbList\",\"@id\":\"https:\/\/meckelburg-bauelemente.de\/update\/produkte\/#breadcrumb\",\"itemListElement\":[{\"@type\":\"ListItem\",\"position\":1,\"name\":\"Home\",\"item\":\"https:\/\/meckelburg-bauelemente.de\/update\/\"},{\"@type\":\"ListItem\",\"position\":2,\"name\":\"Produkte\"}]}]}<\/script>\n<!-- \/ Yoast SEO plugin. -->","yoast_head_json":{"title":"Produkte - meckelburg-bauelemente.de - Haust\u00fcren - Fenster - Rolladen- Rolltore - Insektenschutz - Sicherheitstechnik","description":"Unsere Produkte: Fenster Haust\u00fcren Haust\u00fcren Konfigurator und Planer Rolll\u00e4den Hebeschiebet\u00fcren Insektenschutz Rolltore Sicherheitstechnik","robots":{"index":"index","follow":"follow","max-snippet":"max-snippet:-1","max-image-preview":"max-image-preview:large","max-video-preview":"max-video-preview:-1"},"canonical":"https:\/\/meckelburg-bauelemente.de\/update\/produkte\/","og_locale":"de_DE","og_type":"article","og_title":"Produkte - meckelburg-bauelemente.de - Haust\u00fcren - Fenster - Rolladen- Rolltore - Insektenschutz - Sicherheitstechnik","og_description":"Unsere Produkte: Fenster Haust\u00fcren Haust\u00fcren Konfigurator und Planer Rolll\u00e4den Hebeschiebet\u00fcren Insektenschutz Rolltore Sicherheitstechnik","og_url":"https:\/\/meckelburg-bauelemente.de\/update\/produkte\/","og_site_name":"meckelburg-bauelemente.de - Haust\u00fcren - Fenster - Rolladen- Rolltore - Insektenschutz - Sicherheitstechnik","article_modified_time":"2015-04-22T07:17:29+00:00","og_image":[{"url":"https:\/\/meckelburg-bauelemente.de\/update\/wp-content\/uploads\/fenster.jpg"}],"twitter_card":"summary","schema":{"@context":"https:\/\/schema.org","@graph":[{"@type":"WebSite","@id":"https:\/\/meckelburg-bauelemente.de\/update\/#website","url":"https:\/\/meckelburg-bauelemente.de\/update\/","name":"meckelburg-bauelemente.de - Haust\u00fcren - Fenster - Rolladen- Rolltore - Insektenschutz - Sicherheitstechnik","description":"Montage - Wartung - Reparatur - Beratung - Installation","potentialAction":[{"@type":"SearchAction","target":{"@type":"EntryPoint","urlTemplate":"https:\/\/meckelburg-bauelemente.de\/update\/?s={search_term_string}"},"query-input":"required name=search_term_string"}],"inLanguage":"de"},{"@type":"ImageObject","@id":"https:\/\/meckelburg-bauelemente.de\/update\/produkte\/#primaryimage","inLanguage":"de","url":"https:\/\/meckelburg-bauelemente.de\/update\/wp-content\/uploads\/fenster.jpg","contentUrl":"https:\/\/meckelburg-bauelemente.de\/update\/wp-content\/uploads\/fenster.jpg","width":250,"height":174},{"@type":"WebPage","@id":"https:\/\/meckelburg-bauelemente.de\/update\/produkte\/#webpage","url":"https:\/\/meckelburg-bauelemente.de\/update\/produkte\/","name":"Produkte - meckelburg-bauelemente.de - Haust\u00fcren - Fenster - Rolladen- Rolltore - Insektenschutz - Sicherheitstechnik","isPartOf":{"@id":"https:\/\/meckelburg-bauelemente.de\/update\/#website"},"primaryImageOfPage":{"@id":"https:\/\/meckelburg-bauelemente.de\/update\/produkte\/#primaryimage"},"datePublished":"2014-11-26T06:44:30+00:00","dateModified":"2015-04-22T07:17:29+00:00","description":"Unsere Produkte: Fenster Haust\u00fcren Haust\u00fcren Konfigurator und Planer Rolll\u00e4den Hebeschiebet\u00fcren Insektenschutz Rolltore Sicherheitstechnik","breadcrumb":{"@id":"https:\/\/meckelburg-bauelemente.de\/update\/produkte\/#breadcrumb"},"inLanguage":"de","potentialAction":[{"@type":"ReadAction","target":["https:\/\/meckelburg-bauelemente.de\/update\/produkte\/"]}]},{"@type":"BreadcrumbList","@id":"https:\/\/meckelburg-bauelemente.de\/update\/produkte\/#breadcrumb","itemListElement":[{"@type":"ListItem","position":1,"name":"Home","item":"https:\/\/meckelburg-bauelemente.de\/update\/"},{"@type":"ListItem","position":2,"name":"Produkte"}]}]}},"_links":{"self":[{"href":"https:\/\/meckelburg-bauelemente.de\/update\/wp-json\/wp\/v2\/pages\/15"}],"collection":[{"href":"https:\/\/meckelburg-bauelemente.de\/update\/wp-json\/wp\/v2\/pages"}],"about":[{"href":"https:\/\/meckelburg-bauelemente.de\/update\/wp-json\/wp\/v2\/types\/page"}],"author":[{"embeddable":true,"href":"https:\/\/meckelburg-bauelemente.de\/update\/wp-json\/wp\/v2\/users\/1"}],"replies":[{"embeddable":true,"href":"https:\/\/meckelburg-bauelemente.de\/update\/wp-json\/wp\/v2\/comments?post=15"}],"version-history":[{"count":6,"href":"https:\/\/meckelburg-bauelemente.de\/update\/wp-json\/wp\/v2\/pages\/15\/revisions"}],"predecessor-version":[{"id":285,"href":"https:\/\/meckelburg-bauelemente.de\/update\/wp-json\/wp\/v2\/pages\/15\/revisions\/285"}],"wp:attachment":[{"href":"https:\/\/meckelburg-bauelemente.de\/update\/wp-json\/wp\/v2\/media?parent=15"}],"curies":[{"name":"wp","href":"https:\/\/api.w.org\/{rel}","templated":true}]}}