{"id":11,"date":"2014-11-26T08:43:31","date_gmt":"2014-11-26T06:43:31","guid":{"rendered":"http:\/\/meckelburg-bauelemente.de\/leverkusen\/?page_id=11"},"modified":"2015-04-22T09:15:36","modified_gmt":"2015-04-22T07:15:36","slug":"wartung","status":"publish","type":"page","link":"https:\/\/meckelburg-bauelemente.de\/update\/leistungen\/wartung\/","title":{"rendered":"Wartung"},"content":{"rendered":"<p>Wir warten und pflegen Ihre Fenster und T\u00fcren \/ Dichtungen.<\/p>\n<p>Bei der Fensterwartung wird die Einstellung (Dichtigkeitspr\u00fcfung)<br \/>\nund die einwandfreie\u00a0 Funktion \u00fcberpr\u00fcft und ggf. direkt korrigiert.<\/p>\n<p>Die Dichtungen werden auf richtigen Sitz und Flexibilit\u00e4t \u00fcberpr\u00fcft<br \/>\nund mit Pflegemittel eingespr\u00fcht.<\/p>\n<p>Die Verschraubung der Beschl\u00e4ge werden im Rahmen der Wartung gepr\u00fcft und gefettet.<\/p>\n<p>Diese Wartungen sollten regelm\u00e4\u00dfig erfolgen, um Sch\u00e4den<br \/>\nan Fenster, T\u00fcren, Dichtungen und dem Mauerwerk schon<br \/>\nim Vorfeld zu erkennen und zu beseitigen, um einen Austausch<br \/>\noder eine Sanierung m\u00f6glichst zu verhindern.<\/p>\n<hr \/>\n<h3>Impressionen aus unserem Arbeitsalltag<\/h3>\n  <!-- Easing Slider -->\n   \n  <script type=\"text\/javascript\">\njQuery(document).ready(function(){\t\n  jQuery('.lof-next').hide();\n  jQuery('.lof-previous').hide();\n  jQuery('#lofslidecontent1').hover(function() {\n    jQuery('.lof-next').show();\n    jQuery('.lof-previous').show();\n  },\n    function() {\n      jQuery('.lof-next').hide();\n      jQuery('.lof-previous').hide();\n    }\n  ); \tvar buttons = { previous:jQuery('#lofslidecontent1 .lof-previous') , next:jQuery('#lofslidecontent1 .lof-next') };\n\t$obj = jQuery('#lofslidecontent1')\n\t.lofJSidernews( { interval : 5000,\n\tdirection : 'opacity',\n\tduration : 1200,\n\tauto : true,\n\tmaxItemDisplay : 10,\n\tstartItem:0,\n\tnavPosition     : 'horizontal',\n\tnavigatorHeight : 20,\n\tnavigatorWidth  : 20,\n\tbuttons : buttons,\n\t\t\twapperSelector: \t'.lof-main-wapper',\n\t\t\tnavItemsSelector    : '.lof-navigator li',\n\t\t\tnavOuterSelector    : '.lof-navigator-outer' ,\n\tmainWidth:800} );\t\n});<\/script>\n    <div class=\"lof-container\" id=\"lofslidecontent1\" style=\"height:700px;padding-right:0px;padding-top:0px;padding-left:0px;padding-bottom:0px;\">\n      <div class=\"lof-slidecontent\" style=\"border:0px solid #ccc;width:800px;height:700px;\">\n   <div class=\"preload\" style=\"padding-top:1px\\9;background:url(https:\/\/meckelburg-bauelemente.de\/update\/wp-content\/plugins\/premium-slider\/images\/indicator.gif) no-repeat center center #fff;\">\n\n        <\/div>\n            <div class=\"lof-main-outer\" style=\"background: #fff;width:800px;height:700px;\">\n                <ul class=\"lof-main-wapper\">\n              \t\t<li style=\"width:800px;height:700px;\">\n              <img src=\"https:\/\/meckelburg-bauelemente.de\/update\/wp-content\/uploads\/1wIMG_3995.jpg\" alt=\"https:\/\/meckelburg-bauelemente.de\/update\/wp-content\/uploads\/1wIMG_3995.jpg\" style=\"width: 800px;\" \/>\n                                       \n    <\/li>\t\t<li style=\"width:800px;height:700px;\">\n              <img src=\"https:\/\/meckelburg-bauelemente.de\/update\/wp-content\/uploads\/2wIMG_3996.jpg\" alt=\"https:\/\/meckelburg-bauelemente.de\/update\/wp-content\/uploads\/2wIMG_3996.jpg\" style=\"width: 800px;\" \/>\n                                       \n    <\/li>\t\t<li style=\"width:800px;height:700px;\">\n              <img src=\"https:\/\/meckelburg-bauelemente.de\/update\/wp-content\/uploads\/3wIMG_3992.jpg\" alt=\"https:\/\/meckelburg-bauelemente.de\/update\/wp-content\/uploads\/3wIMG_3992.jpg\" style=\"width: 800px;\" \/>\n                                       \n    <\/li>\t\t<li style=\"width:800px;height:700px;\">\n              <img src=\"https:\/\/meckelburg-bauelemente.de\/update\/wp-content\/uploads\/4wIMG_3989.jpg\" alt=\"https:\/\/meckelburg-bauelemente.de\/update\/wp-content\/uploads\/4wIMG_3989.jpg\" style=\"width: 800px;\" \/>\n                                       \n    <\/li>\t\t<li style=\"width:800px;height:700px;\">\n              <img src=\"https:\/\/meckelburg-bauelemente.de\/update\/wp-content\/uploads\/5wIMG_3991.jpg\" alt=\"https:\/\/meckelburg-bauelemente.de\/update\/wp-content\/uploads\/5wIMG_3991.jpg\" style=\"width: 800px;\" \/>\n                                       \n    <\/li>\t\t<li style=\"width:800px;height:700px;\">\n              <img src=\"https:\/\/meckelburg-bauelemente.de\/update\/wp-content\/uploads\/6wIMG_3998.jpg\" alt=\"https:\/\/meckelburg-bauelemente.de\/update\/wp-content\/uploads\/6wIMG_3998.jpg\" style=\"width: 800px;\" \/>\n                                       \n    <\/li>\t\t<li style=\"width:800px;height:700px;\">\n              <img src=\"https:\/\/meckelburg-bauelemente.de\/update\/wp-content\/uploads\/7wIMG_4001.jpg\" alt=\"https:\/\/meckelburg-bauelemente.de\/update\/wp-content\/uploads\/7wIMG_4001.jpg\" style=\"width: 800px;\" \/>\n                                       \n    <\/li>\t\t<li style=\"width:800px;height:700px;\">\n              <img src=\"https:\/\/meckelburg-bauelemente.de\/update\/wp-content\/uploads\/8wIMG_4002.jpg\" alt=\"https:\/\/meckelburg-bauelemente.de\/update\/wp-content\/uploads\/8wIMG_4002.jpg\" style=\"width: 800px;\" \/>\n                                       \n    <\/li>\t\t<li style=\"width:800px;height:700px;\">\n              <img src=\"https:\/\/meckelburg-bauelemente.de\/update\/wp-content\/uploads\/9wIMG_4004.jpg\" alt=\"https:\/\/meckelburg-bauelemente.de\/update\/wp-content\/uploads\/9wIMG_4004.jpg\" style=\"width: 800px;\" \/>\n                                       \n    <\/li>\t\t<li style=\"width:800px;height:700px;\">\n              <img src=\"https:\/\/meckelburg-bauelemente.de\/update\/wp-content\/uploads\/10wIMG_4008.jpg\" alt=\"https:\/\/meckelburg-bauelemente.de\/update\/wp-content\/uploads\/10wIMG_4008.jpg\" style=\"width: 800px;\" \/>\n                                       \n    <\/li><\/ul>              <div onclick=\"return false\" class=\"lof-previous\" style=\"\n\tbackground:url(https:\/\/meckelburg-bauelemente.de\/update\/wp-content\/plugins\/premium-slider\/images\/b_prev.png) no-repeat left center;\n\t\n  left: 10px; \"><\/div>\n              <div onclick=\"return false\" class=\"lof-next\" style=\"\n\tbackground:url(https:\/\/meckelburg-bauelemente.de\/update\/wp-content\/plugins\/premium-slider\/images\/b_next.png) no-repeat right center;\n\t\n  right: 10px; \"><\/div> <\/div>                <div class=\"lof-navigator-wapper\" style=\"\n  bottom: -30px; left: 0;\">\n                  <div class=\"lof-navigator-outer\">\n                    <ul class=\"lof-navigator\">\n                      <li><span>.<\/span><\/li><li><span>.<\/span><\/li><li><span>.<\/span><\/li><li><span>.<\/span><\/li><li><span>.<\/span><\/li><li><span>.<\/span><\/li><li><span>.<\/span><\/li><li><span>.<\/span><\/li><li><span>.<\/span><\/li><li><span>.<\/span><\/li>             <\/ul>\n                <\/div>\n              <\/div>\n              \n            <\/div>\n          <\/div><!-- End of Easing Slider -->\n","protected":false},"excerpt":{"rendered":"<p>Wir warten und pflegen Ihre Fenster und T\u00fcren \/ Dichtungen. Bei der Fensterwartung wird die Einstellung (Dichtigkeitspr\u00fcfung) und die einwandfreie\u00a0 Funktion \u00fcberpr\u00fcft und ggf. direkt korrigiert. Die Dichtungen werden auf richtigen Sitz und Flexibilit\u00e4t \u00fcberpr\u00fcft und mit Pflegemittel eingespr\u00fcht. Die &hellip; <a class=\"kt-excerpt-readmore\" href=\"https:\/\/meckelburg-bauelemente.de\/update\/leistungen\/wartung\/\" aria-label=\"Wartung\">Weiterlesen<\/a><\/p>\n","protected":false},"author":1,"featured_media":0,"parent":7,"menu_order":2,"comment_status":"closed","ping_status":"closed","template":"","meta":[],"yoast_head":"<!-- This site is optimized with the Yoast SEO plugin v17.8 - https:\/\/yoast.com\/wordpress\/plugins\/seo\/ -->\n<title>Wartung - meckelburg-bauelemente.de - Haust\u00fcren - Fenster - Rolladen- Rolltore - Insektenschutz - Sicherheitstechnik<\/title>\n<meta name=\"description\" content=\"Wartung: Wir warten und pflegen Ihre Fenster und T\u00fcren \/ Dichtungen. Bei der Fensterwartung wird die Einstellung und die einwandfreie Funktion \u00fcberpr\u00fcft\" \/>\n<meta name=\"robots\" content=\"index, follow, max-snippet:-1, max-image-preview:large, max-video-preview:-1\" \/>\n<link rel=\"canonical\" href=\"https:\/\/meckelburg-bauelemente.de\/update\/leistungen\/wartung\/\" \/>\n<meta property=\"og:locale\" content=\"de_DE\" \/>\n<meta property=\"og:type\" content=\"article\" \/>\n<meta property=\"og:title\" content=\"Wartung - meckelburg-bauelemente.de - Haust\u00fcren - Fenster - Rolladen- Rolltore - Insektenschutz - Sicherheitstechnik\" \/>\n<meta property=\"og:description\" content=\"Wartung: Wir warten und pflegen Ihre Fenster und T\u00fcren \/ Dichtungen. Bei der Fensterwartung wird die Einstellung und die einwandfreie Funktion \u00fcberpr\u00fcft\" \/>\n<meta property=\"og:url\" content=\"https:\/\/meckelburg-bauelemente.de\/update\/leistungen\/wartung\/\" \/>\n<meta property=\"og:site_name\" content=\"meckelburg-bauelemente.de - Haust\u00fcren - Fenster - Rolladen- Rolltore - Insektenschutz - Sicherheitstechnik\" \/>\n<meta property=\"article:modified_time\" content=\"2015-04-22T07:15:36+00:00\" \/>\n<meta name=\"twitter:card\" content=\"summary\" \/>\n<script type=\"application\/ld+json\" class=\"yoast-schema-graph\">{\"@context\":\"https:\/\/schema.org\",\"@graph\":[{\"@type\":\"WebSite\",\"@id\":\"https:\/\/meckelburg-bauelemente.de\/update\/#website\",\"url\":\"https:\/\/meckelburg-bauelemente.de\/update\/\",\"name\":\"meckelburg-bauelemente.de - Haust\\u00fcren - Fenster - Rolladen- Rolltore - Insektenschutz - Sicherheitstechnik\",\"description\":\"Montage - Wartung - Reparatur - Beratung - Installation\",\"potentialAction\":[{\"@type\":\"SearchAction\",\"target\":{\"@type\":\"EntryPoint\",\"urlTemplate\":\"https:\/\/meckelburg-bauelemente.de\/update\/?s={search_term_string}\"},\"query-input\":\"required name=search_term_string\"}],\"inLanguage\":\"de\"},{\"@type\":\"WebPage\",\"@id\":\"https:\/\/meckelburg-bauelemente.de\/update\/leistungen\/wartung\/#webpage\",\"url\":\"https:\/\/meckelburg-bauelemente.de\/update\/leistungen\/wartung\/\",\"name\":\"Wartung - meckelburg-bauelemente.de - Haust\\u00fcren - Fenster - Rolladen- Rolltore - Insektenschutz - Sicherheitstechnik\",\"isPartOf\":{\"@id\":\"https:\/\/meckelburg-bauelemente.de\/update\/#website\"},\"datePublished\":\"2014-11-26T06:43:31+00:00\",\"dateModified\":\"2015-04-22T07:15:36+00:00\",\"description\":\"Wartung: Wir warten und pflegen Ihre Fenster und T\\u00fcren \/ Dichtungen. Bei der Fensterwartung wird die Einstellung und die einwandfreie Funktion \\u00fcberpr\\u00fcft\",\"breadcrumb\":{\"@id\":\"https:\/\/meckelburg-bauelemente.de\/update\/leistungen\/wartung\/#breadcrumb\"},\"inLanguage\":\"de\",\"potentialAction\":[{\"@type\":\"ReadAction\",\"target\":[\"https:\/\/meckelburg-bauelemente.de\/update\/leistungen\/wartung\/\"]}]},{\"@type\":\"BreadcrumbList\",\"@id\":\"https:\/\/meckelburg-bauelemente.de\/update\/leistungen\/wartung\/#breadcrumb\",\"itemListElement\":[{\"@type\":\"ListItem\",\"position\":1,\"name\":\"Home\",\"item\":\"https:\/\/meckelburg-bauelemente.de\/update\/\"},{\"@type\":\"ListItem\",\"position\":2,\"name\":\"Leistungen\",\"item\":\"https:\/\/meckelburg-bauelemente.de\/update\/leistungen\/\"},{\"@type\":\"ListItem\",\"position\":3,\"name\":\"Wartung\"}]}]}<\/script>\n<!-- \/ Yoast SEO plugin. -->","yoast_head_json":{"title":"Wartung - meckelburg-bauelemente.de - Haust\u00fcren - Fenster - Rolladen- Rolltore - Insektenschutz - Sicherheitstechnik","description":"Wartung: Wir warten und pflegen Ihre Fenster und T\u00fcren \/ Dichtungen. Bei der Fensterwartung wird die Einstellung und die einwandfreie Funktion \u00fcberpr\u00fcft","robots":{"index":"index","follow":"follow","max-snippet":"max-snippet:-1","max-image-preview":"max-image-preview:large","max-video-preview":"max-video-preview:-1"},"canonical":"https:\/\/meckelburg-bauelemente.de\/update\/leistungen\/wartung\/","og_locale":"de_DE","og_type":"article","og_title":"Wartung - meckelburg-bauelemente.de - Haust\u00fcren - Fenster - Rolladen- Rolltore - Insektenschutz - Sicherheitstechnik","og_description":"Wartung: Wir warten und pflegen Ihre Fenster und T\u00fcren \/ Dichtungen. Bei der Fensterwartung wird die Einstellung und die einwandfreie Funktion \u00fcberpr\u00fcft","og_url":"https:\/\/meckelburg-bauelemente.de\/update\/leistungen\/wartung\/","og_site_name":"meckelburg-bauelemente.de - Haust\u00fcren - Fenster - Rolladen- Rolltore - Insektenschutz - Sicherheitstechnik","article_modified_time":"2015-04-22T07:15:36+00:00","twitter_card":"summary","schema":{"@context":"https:\/\/schema.org","@graph":[{"@type":"WebSite","@id":"https:\/\/meckelburg-bauelemente.de\/update\/#website","url":"https:\/\/meckelburg-bauelemente.de\/update\/","name":"meckelburg-bauelemente.de - Haust\u00fcren - Fenster - Rolladen- Rolltore - Insektenschutz - Sicherheitstechnik","description":"Montage - Wartung - Reparatur - Beratung - Installation","potentialAction":[{"@type":"SearchAction","target":{"@type":"EntryPoint","urlTemplate":"https:\/\/meckelburg-bauelemente.de\/update\/?s={search_term_string}"},"query-input":"required name=search_term_string"}],"inLanguage":"de"},{"@type":"WebPage","@id":"https:\/\/meckelburg-bauelemente.de\/update\/leistungen\/wartung\/#webpage","url":"https:\/\/meckelburg-bauelemente.de\/update\/leistungen\/wartung\/","name":"Wartung - meckelburg-bauelemente.de - Haust\u00fcren - Fenster - Rolladen- Rolltore - Insektenschutz - Sicherheitstechnik","isPartOf":{"@id":"https:\/\/meckelburg-bauelemente.de\/update\/#website"},"datePublished":"2014-11-26T06:43:31+00:00","dateModified":"2015-04-22T07:15:36+00:00","description":"Wartung: Wir warten und pflegen Ihre Fenster und T\u00fcren \/ Dichtungen. Bei der Fensterwartung wird die Einstellung und die einwandfreie Funktion \u00fcberpr\u00fcft","breadcrumb":{"@id":"https:\/\/meckelburg-bauelemente.de\/update\/leistungen\/wartung\/#breadcrumb"},"inLanguage":"de","potentialAction":[{"@type":"ReadAction","target":["https:\/\/meckelburg-bauelemente.de\/update\/leistungen\/wartung\/"]}]},{"@type":"BreadcrumbList","@id":"https:\/\/meckelburg-bauelemente.de\/update\/leistungen\/wartung\/#breadcrumb","itemListElement":[{"@type":"ListItem","position":1,"name":"Home","item":"https:\/\/meckelburg-bauelemente.de\/update\/"},{"@type":"ListItem","position":2,"name":"Leistungen","item":"https:\/\/meckelburg-bauelemente.de\/update\/leistungen\/"},{"@type":"ListItem","position":3,"name":"Wartung"}]}]}},"_links":{"self":[{"href":"https:\/\/meckelburg-bauelemente.de\/update\/wp-json\/wp\/v2\/pages\/11"}],"collection":[{"href":"https:\/\/meckelburg-bauelemente.de\/update\/wp-json\/wp\/v2\/pages"}],"about":[{"href":"https:\/\/meckelburg-bauelemente.de\/update\/wp-json\/wp\/v2\/types\/page"}],"author":[{"embeddable":true,"href":"https:\/\/meckelburg-bauelemente.de\/update\/wp-json\/wp\/v2\/users\/1"}],"replies":[{"embeddable":true,"href":"https:\/\/meckelburg-bauelemente.de\/update\/wp-json\/wp\/v2\/comments?post=11"}],"version-history":[{"count":8,"href":"https:\/\/meckelburg-bauelemente.de\/update\/wp-json\/wp\/v2\/pages\/11\/revisions"}],"predecessor-version":[{"id":371,"href":"https:\/\/meckelburg-bauelemente.de\/update\/wp-json\/wp\/v2\/pages\/11\/revisions\/371"}],"up":[{"embeddable":true,"href":"https:\/\/meckelburg-bauelemente.de\/update\/wp-json\/wp\/v2\/pages\/7"}],"wp:attachment":[{"href":"https:\/\/meckelburg-bauelemente.de\/update\/wp-json\/wp\/v2\/media?parent=11"}],"curies":[{"name":"wp","href":"https:\/\/api.w.org\/{rel}","templated":true}]}}