{"id":21,"date":"2014-11-26T08:45:32","date_gmt":"2014-11-26T06:45:32","guid":{"rendered":"http:\/\/meckelburg-bauelemente.de\/leverkusen\/?page_id=21"},"modified":"2020-12-14T16:48:45","modified_gmt":"2020-12-14T14:48:45","slug":"rolllaeden","status":"publish","type":"page","link":"https:\/\/meckelburg-bauelemente.de\/leverkusen\/produkte\/rolllaeden\/","title":{"rendered":"Rolll\u00e4den"},"content":{"rendered":"<p><img loading=\"lazy\" decoding=\"async\" class=\"alignleft wp-image-270\" src=\"https:\/\/meckelburg-bauelemente.de\/leverkusen\/wp-content\/uploads\/F_6__83-156_38_XS-300x206.jpg\" alt=\"Ferngbedienbare Fensterrolladen mit Funksteuerung\" width=\"371\" height=\"255\" srcset=\"https:\/\/meckelburg-bauelemente.de\/leverkusen\/wp-content\/uploads\/F_6__83-156_38_XS-300x206.jpg 300w, https:\/\/meckelburg-bauelemente.de\/leverkusen\/wp-content\/uploads\/F_6__83-156_38_XS.jpg 418w\" sizes=\"auto, (max-width: 371px) 100vw, 371px\" \/>Rollladen bieten nicht nur wirksamen Schutz vor Sonne, Hitze, blendendem Licht<br \/>\nund vor unerw\u00fcnschten Blicken,<br \/>\nsondern fungieren auch als Einbruchschutz und W\u00e4rmed\u00e4mmung.<\/p>\n<p>Bei niedrigen Au\u00dfentemperaturen halten sie die W\u00e4rme im Innenraum.<br \/>\nDar\u00fcber hinaus sind sie ein vielseitiges und dekoratives Fassadenelement und geben R\u00e4umen<br \/>\nimmer etwas ganz Besonderes.<\/p>\n<p>Sie m\u00f6chten Ihre Roll\u00e4den in Zukunft elektrisch bedienen?<br \/>\nGerne r\u00fcsten wir Ihr vorhandenes System auf einen komfortablen Elektroantrieb um.<\/p>\n<p>Dazu empfehlen wir die Produkte von Elero. Kontaktieren Sie uns gerne f\u00fcr eine Beratung!<\/p>\n<p>&nbsp;<\/p>\n<p><img loading=\"lazy\" decoding=\"async\" class=\"alignnone size-full wp-image-204\" src=\"https:\/\/meckelburg-bauelemente.de\/leverkusen\/wp-content\/uploads\/header_rollladen21.jpg\" alt=\"header_rollladen2[1]\" width=\"740\" height=\"203\" srcset=\"https:\/\/meckelburg-bauelemente.de\/leverkusen\/wp-content\/uploads\/header_rollladen21.jpg 740w, https:\/\/meckelburg-bauelemente.de\/leverkusen\/wp-content\/uploads\/header_rollladen21-300x82.jpg 300w\" sizes=\"auto, (max-width: 740px) 100vw, 740px\" \/><\/p>\n<p><strong>Aufsatzrollladen<\/strong><\/p>\n<p>VEKAVARIANT ist der erste Vertreter einer v\u00f6llig neuen Rollladenkastengeneration.<\/p>\n<p>Er erf\u00fcllt selbstverst\u00e4ndlich alle Normen und Richtlinien ebenso wie h\u00f6chste Anspr\u00fcche<br \/>\nan Wartung und Bedienung \u2014 bei wesentlich einfacherer Montage und Verarbeitung und erh\u00f6hter Wirtschaftlichkeit.<\/p>\n<p>Eine Vielzahl innovativer Detaill\u00f6sungen erlaubt alle denkbaren Varianten mit nur einem einzigen Basis-Profilsatz.<\/p>\n<p><strong>Alle Vorteile auf einen Blick<\/strong><\/p>\n<p>&#8211; Montagefertig montiert<br \/>\n&#8211; Lieferbar in drei abgestuften Gr\u00f6\u00dfen: 175, 210 und 235 mm hoch<br \/>\n&#8211; Revisionsblende entweder von hinten oder unten (Systemabh\u00e4ngig) zu \u00f6ffnen<br \/>\n&#8211; Generell integrierte Hochschiebesicherung<br \/>\n&#8211; Integrierte Kopfst\u00fcckd\u00e4mmung serienm\u00e4\u00dfig<br \/>\n&#8211; Obere Befestigung am Sturz einfach realisierbar<br \/>\n&#8211; Durchdachte Durchf\u00fchrung f\u00fcr m\u00f6gliche Motorkabel<br \/>\n&#8211; Kasten mit Insektenschutz integrierbar<br \/>\n&#8211; W\u00e4rmedurchgangskoeffizient: Usb= 0,76 W\/m\u00b2K<br \/>\n&#8211; Temperaturfaktor: fRsi= 0,70<\/p>\n<hr \/>\n<p><strong><br \/>\nFarbpalette &#8211; Auch Farbe kann ins Spiel kommen<\/strong><\/p>\n<p>Mittels eines Aluminiumsystemteils k\u00f6nnen sicher jegliche Art von Folienfarbe<br \/>\noder RAL Farbbeschichtung des Elementes erm\u00f6glicht werden.<\/p>\n<p>Rollladenst\u00e4be sind in einer Auswahl ansprechender Farben erh\u00e4ltlich.<\/p>\n<p>\u00dcberzeugen Sie sich selbst von der gro\u00dfen Auswahl an Unifarben und Holzdekoren.<\/p>\n<p><strong>Farbbeispiele:<\/strong><\/p>\n<p><img loading=\"lazy\" decoding=\"async\" class=\"alignnone size-full wp-image-124\" src=\"https:\/\/meckelburg-bauelemente.de\/leverkusen\/wp-content\/uploads\/farbpalette-rd.jpg\" alt=\"farbpalette-rd\" width=\"704\" height=\"355\" srcset=\"https:\/\/meckelburg-bauelemente.de\/leverkusen\/wp-content\/uploads\/farbpalette-rd.jpg 704w, https:\/\/meckelburg-bauelemente.de\/leverkusen\/wp-content\/uploads\/farbpalette-rd-300x151.jpg 300w\" sizes=\"auto, (max-width: 704px) 100vw, 704px\" \/><\/p>\n","protected":false},"excerpt":{"rendered":"<p>Rollladen bieten nicht nur wirksamen Schutz vor Sonne, Hitze, blendendem Licht und vor unerw\u00fcnschten Blicken, sondern fungieren auch als Einbruchschutz und W\u00e4rmed\u00e4mmung. Bei niedrigen Au\u00dfentemperaturen halten sie die W\u00e4rme im Innenraum. Dar\u00fcber hinaus sind sie ein vielseitiges und dekoratives Fassadenelement &hellip; <a class=\"kt-excerpt-readmore\" href=\"https:\/\/meckelburg-bauelemente.de\/leverkusen\/produkte\/rolllaeden\/\" aria-label=\"Rolll\u00e4den\">Weiterlesen<\/a><\/p>\n","protected":false},"author":1,"featured_media":0,"parent":15,"menu_order":3,"comment_status":"closed","ping_status":"closed","template":"page-fullwidth.php","meta":{"footnotes":""},"class_list":["post-21","page","type-page","status-publish","hentry"],"yoast_head":"<!-- This site is optimized with the Yoast SEO plugin v27.3 - https:\/\/yoast.com\/product\/yoast-seo-wordpress\/ -->\n<title>Rolll\u00e4den - meckelburg-bauelemente.de - Haust\u00fcren - Fenster - Rolladen- Rolltore - Insektenschutz - Sicherheitstechnik<\/title>\n<meta name=\"description\" content=\"Rolll\u00e4den bieten nicht nur wirksamen Schutz vor Sonne, Hitze, blendendem Licht und vor unerw\u00fcnschten Blicken, sondern fungieren auch als Einbruchschutz und\" \/>\n<meta name=\"robots\" content=\"index, follow, max-snippet:-1, max-image-preview:large, max-video-preview:-1\" \/>\n<link rel=\"canonical\" href=\"https:\/\/meckelburg-bauelemente.de\/leverkusen\/produkte\/rolllaeden\/\" \/>\n<meta property=\"og:locale\" content=\"de_DE\" \/>\n<meta property=\"og:type\" content=\"article\" \/>\n<meta property=\"og:title\" content=\"Rolll\u00e4den - meckelburg-bauelemente.de - Haust\u00fcren - Fenster - Rolladen- Rolltore - Insektenschutz - Sicherheitstechnik\" \/>\n<meta property=\"og:description\" content=\"Rolll\u00e4den bieten nicht nur wirksamen Schutz vor Sonne, Hitze, blendendem Licht und vor unerw\u00fcnschten Blicken, sondern fungieren auch als Einbruchschutz und\" \/>\n<meta property=\"og:url\" content=\"https:\/\/meckelburg-bauelemente.de\/leverkusen\/produkte\/rolllaeden\/\" \/>\n<meta property=\"og:site_name\" content=\"meckelburg-bauelemente.de - Haust\u00fcren - Fenster - Rolladen- Rolltore - Insektenschutz - Sicherheitstechnik\" \/>\n<meta property=\"article:modified_time\" content=\"2020-12-14T14:48:45+00:00\" \/>\n<meta property=\"og:image\" content=\"https:\/\/meckelburg-bauelemente.de\/leverkusen\/wp-content\/uploads\/F_6__83-156_38_XS-300x206.jpg\" \/>\n<meta name=\"twitter:card\" content=\"summary_large_image\" \/>\n<meta name=\"twitter:label1\" content=\"Gesch\u00e4tzte Lesezeit\" \/>\n\t<meta name=\"twitter:data1\" content=\"1\u00a0Minute\" \/>\n<script type=\"application\/ld+json\" class=\"yoast-schema-graph\">{\"@context\":\"https:\\\/\\\/schema.org\",\"@graph\":[{\"@type\":\"WebPage\",\"@id\":\"https:\\\/\\\/meckelburg-bauelemente.de\\\/leverkusen\\\/produkte\\\/rolllaeden\\\/\",\"url\":\"https:\\\/\\\/meckelburg-bauelemente.de\\\/leverkusen\\\/produkte\\\/rolllaeden\\\/\",\"name\":\"Rolll\u00e4den - meckelburg-bauelemente.de - Haust\u00fcren - Fenster - Rolladen- Rolltore - Insektenschutz - Sicherheitstechnik\",\"isPartOf\":{\"@id\":\"https:\\\/\\\/meckelburg-bauelemente.de\\\/leverkusen\\\/#website\"},\"primaryImageOfPage\":{\"@id\":\"https:\\\/\\\/meckelburg-bauelemente.de\\\/leverkusen\\\/produkte\\\/rolllaeden\\\/#primaryimage\"},\"image\":{\"@id\":\"https:\\\/\\\/meckelburg-bauelemente.de\\\/leverkusen\\\/produkte\\\/rolllaeden\\\/#primaryimage\"},\"thumbnailUrl\":\"https:\\\/\\\/meckelburg-bauelemente.de\\\/leverkusen\\\/wp-content\\\/uploads\\\/F_6__83-156_38_XS-300x206.jpg\",\"datePublished\":\"2014-11-26T06:45:32+00:00\",\"dateModified\":\"2020-12-14T14:48:45+00:00\",\"description\":\"Rolll\u00e4den bieten nicht nur wirksamen Schutz vor Sonne, Hitze, blendendem Licht und vor unerw\u00fcnschten Blicken, sondern fungieren auch als Einbruchschutz und\",\"breadcrumb\":{\"@id\":\"https:\\\/\\\/meckelburg-bauelemente.de\\\/leverkusen\\\/produkte\\\/rolllaeden\\\/#breadcrumb\"},\"inLanguage\":\"de\",\"potentialAction\":[{\"@type\":\"ReadAction\",\"target\":[\"https:\\\/\\\/meckelburg-bauelemente.de\\\/leverkusen\\\/produkte\\\/rolllaeden\\\/\"]}]},{\"@type\":\"ImageObject\",\"inLanguage\":\"de\",\"@id\":\"https:\\\/\\\/meckelburg-bauelemente.de\\\/leverkusen\\\/produkte\\\/rolllaeden\\\/#primaryimage\",\"url\":\"https:\\\/\\\/meckelburg-bauelemente.de\\\/leverkusen\\\/wp-content\\\/uploads\\\/F_6__83-156_38_XS.jpg\",\"contentUrl\":\"https:\\\/\\\/meckelburg-bauelemente.de\\\/leverkusen\\\/wp-content\\\/uploads\\\/F_6__83-156_38_XS.jpg\",\"width\":418,\"height\":287},{\"@type\":\"BreadcrumbList\",\"@id\":\"https:\\\/\\\/meckelburg-bauelemente.de\\\/leverkusen\\\/produkte\\\/rolllaeden\\\/#breadcrumb\",\"itemListElement\":[{\"@type\":\"ListItem\",\"position\":1,\"name\":\"Home\",\"item\":\"https:\\\/\\\/meckelburg-bauelemente.de\\\/leverkusen\\\/\"},{\"@type\":\"ListItem\",\"position\":2,\"name\":\"Produkte\",\"item\":\"https:\\\/\\\/meckelburg-bauelemente.de\\\/leverkusen\\\/produkte\\\/\"},{\"@type\":\"ListItem\",\"position\":3,\"name\":\"Rolll\u00e4den\"}]},{\"@type\":\"WebSite\",\"@id\":\"https:\\\/\\\/meckelburg-bauelemente.de\\\/leverkusen\\\/#website\",\"url\":\"https:\\\/\\\/meckelburg-bauelemente.de\\\/leverkusen\\\/\",\"name\":\"meckelburg-bauelemente.de - Haust\u00fcren - Fenster - Rolladen- Rolltore - Insektenschutz - Sicherheitstechnik\",\"description\":\"Montage - Wartung - Reparatur - Beratung - Installation\",\"potentialAction\":[{\"@type\":\"SearchAction\",\"target\":{\"@type\":\"EntryPoint\",\"urlTemplate\":\"https:\\\/\\\/meckelburg-bauelemente.de\\\/leverkusen\\\/?s={search_term_string}\"},\"query-input\":{\"@type\":\"PropertyValueSpecification\",\"valueRequired\":true,\"valueName\":\"search_term_string\"}}],\"inLanguage\":\"de\"}]}<\/script>\n<!-- \/ Yoast SEO plugin. -->","yoast_head_json":{"title":"Rolll\u00e4den - meckelburg-bauelemente.de - Haust\u00fcren - Fenster - Rolladen- Rolltore - Insektenschutz - Sicherheitstechnik","description":"Rolll\u00e4den bieten nicht nur wirksamen Schutz vor Sonne, Hitze, blendendem Licht und vor unerw\u00fcnschten Blicken, sondern fungieren auch als Einbruchschutz und","robots":{"index":"index","follow":"follow","max-snippet":"max-snippet:-1","max-image-preview":"max-image-preview:large","max-video-preview":"max-video-preview:-1"},"canonical":"https:\/\/meckelburg-bauelemente.de\/leverkusen\/produkte\/rolllaeden\/","og_locale":"de_DE","og_type":"article","og_title":"Rolll\u00e4den - meckelburg-bauelemente.de - Haust\u00fcren - Fenster - Rolladen- Rolltore - Insektenschutz - Sicherheitstechnik","og_description":"Rolll\u00e4den bieten nicht nur wirksamen Schutz vor Sonne, Hitze, blendendem Licht und vor unerw\u00fcnschten Blicken, sondern fungieren auch als Einbruchschutz und","og_url":"https:\/\/meckelburg-bauelemente.de\/leverkusen\/produkte\/rolllaeden\/","og_site_name":"meckelburg-bauelemente.de - Haust\u00fcren - Fenster - Rolladen- Rolltore - Insektenschutz - Sicherheitstechnik","article_modified_time":"2020-12-14T14:48:45+00:00","og_image":[{"url":"https:\/\/meckelburg-bauelemente.de\/leverkusen\/wp-content\/uploads\/F_6__83-156_38_XS-300x206.jpg","type":"","width":"","height":""}],"twitter_card":"summary_large_image","twitter_misc":{"Gesch\u00e4tzte Lesezeit":"1\u00a0Minute"},"schema":{"@context":"https:\/\/schema.org","@graph":[{"@type":"WebPage","@id":"https:\/\/meckelburg-bauelemente.de\/leverkusen\/produkte\/rolllaeden\/","url":"https:\/\/meckelburg-bauelemente.de\/leverkusen\/produkte\/rolllaeden\/","name":"Rolll\u00e4den - meckelburg-bauelemente.de - Haust\u00fcren - Fenster - Rolladen- Rolltore - Insektenschutz - Sicherheitstechnik","isPartOf":{"@id":"https:\/\/meckelburg-bauelemente.de\/leverkusen\/#website"},"primaryImageOfPage":{"@id":"https:\/\/meckelburg-bauelemente.de\/leverkusen\/produkte\/rolllaeden\/#primaryimage"},"image":{"@id":"https:\/\/meckelburg-bauelemente.de\/leverkusen\/produkte\/rolllaeden\/#primaryimage"},"thumbnailUrl":"https:\/\/meckelburg-bauelemente.de\/leverkusen\/wp-content\/uploads\/F_6__83-156_38_XS-300x206.jpg","datePublished":"2014-11-26T06:45:32+00:00","dateModified":"2020-12-14T14:48:45+00:00","description":"Rolll\u00e4den bieten nicht nur wirksamen Schutz vor Sonne, Hitze, blendendem Licht und vor unerw\u00fcnschten Blicken, sondern fungieren auch als Einbruchschutz und","breadcrumb":{"@id":"https:\/\/meckelburg-bauelemente.de\/leverkusen\/produkte\/rolllaeden\/#breadcrumb"},"inLanguage":"de","potentialAction":[{"@type":"ReadAction","target":["https:\/\/meckelburg-bauelemente.de\/leverkusen\/produkte\/rolllaeden\/"]}]},{"@type":"ImageObject","inLanguage":"de","@id":"https:\/\/meckelburg-bauelemente.de\/leverkusen\/produkte\/rolllaeden\/#primaryimage","url":"https:\/\/meckelburg-bauelemente.de\/leverkusen\/wp-content\/uploads\/F_6__83-156_38_XS.jpg","contentUrl":"https:\/\/meckelburg-bauelemente.de\/leverkusen\/wp-content\/uploads\/F_6__83-156_38_XS.jpg","width":418,"height":287},{"@type":"BreadcrumbList","@id":"https:\/\/meckelburg-bauelemente.de\/leverkusen\/produkte\/rolllaeden\/#breadcrumb","itemListElement":[{"@type":"ListItem","position":1,"name":"Home","item":"https:\/\/meckelburg-bauelemente.de\/leverkusen\/"},{"@type":"ListItem","position":2,"name":"Produkte","item":"https:\/\/meckelburg-bauelemente.de\/leverkusen\/produkte\/"},{"@type":"ListItem","position":3,"name":"Rolll\u00e4den"}]},{"@type":"WebSite","@id":"https:\/\/meckelburg-bauelemente.de\/leverkusen\/#website","url":"https:\/\/meckelburg-bauelemente.de\/leverkusen\/","name":"meckelburg-bauelemente.de - Haust\u00fcren - Fenster - Rolladen- Rolltore - Insektenschutz - Sicherheitstechnik","description":"Montage - Wartung - Reparatur - Beratung - Installation","potentialAction":[{"@type":"SearchAction","target":{"@type":"EntryPoint","urlTemplate":"https:\/\/meckelburg-bauelemente.de\/leverkusen\/?s={search_term_string}"},"query-input":{"@type":"PropertyValueSpecification","valueRequired":true,"valueName":"search_term_string"}}],"inLanguage":"de"}]}},"_links":{"self":[{"href":"https:\/\/meckelburg-bauelemente.de\/leverkusen\/wp-json\/wp\/v2\/pages\/21","targetHints":{"allow":["GET"]}}],"collection":[{"href":"https:\/\/meckelburg-bauelemente.de\/leverkusen\/wp-json\/wp\/v2\/pages"}],"about":[{"href":"https:\/\/meckelburg-bauelemente.de\/leverkusen\/wp-json\/wp\/v2\/types\/page"}],"author":[{"embeddable":true,"href":"https:\/\/meckelburg-bauelemente.de\/leverkusen\/wp-json\/wp\/v2\/users\/1"}],"replies":[{"embeddable":true,"href":"https:\/\/meckelburg-bauelemente.de\/leverkusen\/wp-json\/wp\/v2\/comments?post=21"}],"version-history":[{"count":17,"href":"https:\/\/meckelburg-bauelemente.de\/leverkusen\/wp-json\/wp\/v2\/pages\/21\/revisions"}],"predecessor-version":[{"id":578,"href":"https:\/\/meckelburg-bauelemente.de\/leverkusen\/wp-json\/wp\/v2\/pages\/21\/revisions\/578"}],"up":[{"embeddable":true,"href":"https:\/\/meckelburg-bauelemente.de\/leverkusen\/wp-json\/wp\/v2\/pages\/15"}],"wp:attachment":[{"href":"https:\/\/meckelburg-bauelemente.de\/leverkusen\/wp-json\/wp\/v2\/media?parent=21"}],"curies":[{"name":"wp","href":"https:\/\/api.w.org\/{rel}","templated":true}]}}